{"id":3850,"date":"2016-04-26T19:44:59","date_gmt":"2016-04-26T19:44:59","guid":{"rendered":"https:\/\/www.amexhi.org\/quienes-somos\/"},"modified":"2025-07-30T11:39:11","modified_gmt":"2025-07-30T16:39:11","slug":"about-us","status":"publish","type":"page","link":"https:\/\/www.amexhi.org\/en\/about-us\/","title":{"rendered":"About Us"},"content":{"rendered":"<section class=\"wpb-content-wrapper\"><p>[vc_row css_animation=&#8221;&#8221; row_type=&#8221;row&#8221; use_row_as_full_screen_section=&#8221;no&#8221; type=&#8221;grid&#8221; angled_section=&#8221;no&#8221; text_align=&#8221;left&#8221; background_image_as_pattern=&#8221;without_pattern&#8221; z_index=&#8221;&#8221; el_class=&#8221;fondo01&#8243;][vc_column width=&#8221;1\/4&#8243;][vc_empty_space][vc_single_image image=&#8221;10443&#8243; img_size=&#8221;full&#8221; qode_css_animation=&#8221;&#8221;][\/vc_column][vc_column width=&#8221;3\/4&#8243;][vc_empty_space][vc_column_text]<\/p>\n<h2 style=\"text-align: center;\"><span style=\"color: #ad3476;\">\u00bfQu\u00e9 es AMEXHI?<\/span><\/h2>\n<p>[\/vc_column_text][vc_empty_space height=&#8221;16px&#8221;][vc_column_text]<\/p>\n<p style=\"text-align: center;\">La\u202fAsociaci\u00f3n Mexicana de Empresas de Hidrocarburos (AMEXHI), es una asociaci\u00f3n civil sin fines de lucro que re\u00fane a los principales inversionistas y operadores de petr\u00f3leo y gas\u202fen M\u00e9xico.<\/p>\n<p style=\"text-align: center;\">Fundada en la Ciudad de M\u00e9xico el 26 de febrero de 2015, actualmente cuenta con 24 miembros que operan en el pa\u00eds bajo contratos de exploraci\u00f3n y producci\u00f3n de hidrocarburos firmados con el Estado mexicano.<\/p>\n<p>[\/vc_column_text][vc_raw_html]JTNDZGl2JTIwY2xhc3MlM0QlMjJjb250LWNpcmN1bG9zJTIyJTNFJTBBJTNDZGl2JTIwY2xhc3MlM0QlMjJjaXJjMDElMjIlM0UlM0NpbWclMjBzcmMlM0QlMjJodHRwcyUzQSUyRiUyRnd3dy5hbWV4aGkub3JnJTJGd3AtY29udGVudCUyRnVwbG9hZHMlMkYyMDI1JTJGMDclMkYyLnBuZyUyMiUyMHdpZHRoJTNEJTIyMTUwJTIyJTNFJTIwJTNDJTJGZGl2JTNFJTBBJTBBJTNDZGl2JTIwY2xhc3MlM0QlMjJjaXJjMDIlMjIlM0UlM0NpbWclMjBzcmMlM0QlMjIlMjBodHRwcyUzQSUyRiUyRnd3dy5hbWV4aGkub3JnJTJGd3AtY29udGVudCUyRnVwbG9hZHMlMkYyMDI1JTJGMDclMkYxLnBuZyUyMiUyMHdpZHRoJTNEJTIyMTUwJTIyJTNFJTIwJTNDJTJGZGl2JTNFJTBBJTBBJTNDZGl2JTIwY2xhc3MlM0QlMjJjaXJjMDMlMjIlM0UlM0NpbWclMjBzcmMlM0QlMjJodHRwcyUzQSUyRiUyRnd3dy5hbWV4aGkub3JnJTJGd3AtY29udGVudCUyRnVwbG9hZHMlMkYyMDI1JTJGMDclMkYzLnBuZyUyMiUyMHdpZHRoJTNEJTIyMTUwJTIyJTNFJTIwJTNDJTJGZGl2JTNFJTBBJTNDJTJGZGl2JTNF[\/vc_raw_html][\/vc_column][\/vc_row][vc_row css_animation=&#8221;&#8221; row_type=&#8221;row&#8221; use_row_as_full_screen_section=&#8221;no&#8221; type=&#8221;full_width&#8221; in_content_menu=&#8221;in_content_menu&#8221; content_menu_icon=&#8221;&#8221; angled_section=&#8221;no&#8221; text_align=&#8221;left&#8221; background_image_as_pattern=&#8221;without_pattern&#8221; css=&#8221;.vc_custom_1678064400729{margin-top: 40px !important;padding-top: 40px !important;padding-bottom: 80px !important;background-color: #ebf7f5 !important;}&#8221; z_index=&#8221;&#8221; padding_bottom=&#8221;0&#8243;][vc_column css=&#8221;.vc_custom_1678063079759{margin-top: 0px !important;margin-right: 0px !important;}&#8221;][vc_empty_space][vc_row_inner row_type=&#8221;row&#8221; type=&#8221;grid&#8221; text_align=&#8221;left&#8221; css_animation=&#8221;&#8221;][vc_column_inner el_class=&#8221;caja_redonda&#8221; width=&#8221;1\/2&#8243; css=&#8221;.vc_custom_1678569704815{margin-right: 10px !important;}&#8221;][vc_empty_space height=&#8221;20px&#8221;][vc_single_image image=&#8221;11620&#8243; img_size=&#8221;180&#215;159&#8243; alignment=&#8221;center&#8221; qode_css_animation=&#8221;&#8221;][vc_empty_space height=&#8221;20px&#8221;][vc_column_text]<\/p>\n<h2 style=\"text-align: center; color: #ab3479;\">Misi\u00f3n<\/h2>\n<p>[\/vc_column_text][vc_empty_space height=&#8221;16px&#8221;][vc_column_text css=&#8221;.vc_custom_1688768465246{padding-right: 20px !important;padding-left: 20px !important;}&#8221;]<\/p>\n<p style=\"color: #000; text-align: center; font-size: 20px;\">Nuestra misi\u00f3n es promover las mejores pr\u00e1cticas de la industria de hidrocarburos con la intenci\u00f3n de contribuir para alcanzar la seguridad y soberan\u00eda energ\u00e9tica de M\u00e9xico.<\/p>\n<p>[\/vc_column_text][\/vc_column_inner][vc_column_inner el_class=&#8221;caja_redonda&#8221; width=&#8221;1\/2&#8243;][vc_empty_space height=&#8221;20px&#8221;][vc_single_image image=&#8221;11622&#8243; img_size=&#8221;175&#215;159&#8243; alignment=&#8221;center&#8221; qode_css_animation=&#8221;&#8221;][vc_empty_space height=&#8221;20px&#8221;][vc_column_text]<\/p>\n<h2 style=\"text-align: center; color: #ab3479;\">Visi\u00f3n<\/h2>\n<p>[\/vc_column_text][vc_empty_space height=&#8221;16px&#8221;][vc_column_text css=&#8221;.vc_custom_1688768476138{padding-right: 20px !important;padding-left: 20px !important;}&#8221;]<\/p>\n<p style=\"color: #000; text-align: center; font-size: 20px;\">La visi\u00f3n de la AMEXHI es potenciar la industria de hidrocarburos para consolidarla como un pilar de desarrollo en M\u00e9xico, tanto en el aspecto econ\u00f3mico como social.<\/p>\n<p>[\/vc_column_text][\/vc_column_inner][\/vc_row_inner][vc_empty_space][\/vc_column][\/vc_row][vc_row css_animation=&#8221;&#8221; row_type=&#8221;row&#8221; use_row_as_full_screen_section=&#8221;no&#8221; type=&#8221;grid&#8221; angled_section=&#8221;no&#8221; text_align=&#8221;left&#8221; background_image_as_pattern=&#8221;without_pattern&#8221; z_index=&#8221;&#8221; el_id=&#8221;socios&#8221;][vc_column width=&#8221;1\/4&#8243;][vc_empty_space][vc_single_image image=&#8221;11624&#8243; img_size=&#8221;full&#8221; alignment=&#8221;center&#8221; qode_css_animation=&#8221;&#8221;][vc_empty_space height=&#8221;20px&#8221;][vc_column_text]<\/p>\n<h2 style=\"text-align: center; color: #ad3476;\">SOCIOS<\/h2>\n<p>[\/vc_column_text][vc_empty_space][\/vc_column][vc_column width=&#8221;3\/4&#8243;][vc_empty_space][vc_column_text]Las empresas afiliadas a la AMEXHI son compa\u00f1\u00edas que operan en el pa\u00eds bajo contratos firmados con el Estado mexicano, multiplicando las capacidades nacionales y complementando la actividad de Pemex, quien tambi\u00e9n es parte de la Asociaci\u00f3n.<\/p>\n<p>Nuestras empresas son de diversos tama\u00f1os, especialidades y nacionalidades, interesadas en invertir en M\u00e9xico, comprometidas en llevar a cabo operaciones seguras, responsables y sustentables.[\/vc_column_text][vc_empty_space][\/vc_column][\/vc_row][vc_row css_animation=&#8221;&#8221; row_type=&#8221;row&#8221; use_row_as_full_screen_section=&#8221;no&#8221; type=&#8221;full_width&#8221; angled_section=&#8221;no&#8221; text_align=&#8221;left&#8221; background_image_as_pattern=&#8221;without_pattern&#8221;][vc_column][vc_column_text]<\/p>\n<h2 style=\"text-align: center; color: #8c979d;\"><strong>Lista de socios <\/strong><\/h2>\n<p>[\/vc_column_text][vc_empty_space][\/vc_column][\/vc_row][vc_row css_animation=&#8221;&#8221; row_type=&#8221;row&#8221; use_row_as_full_screen_section=&#8221;no&#8221; type=&#8221;grid&#8221; angled_section=&#8221;no&#8221; text_align=&#8221;left&#8221; background_image_as_pattern=&#8221;without_pattern&#8221; z_index=&#8221;&#8221;][vc_column width=&#8221;1\/2&#8243;][vc_row_inner row_type=&#8221;row&#8221; type=&#8221;full_width&#8221; text_align=&#8221;left&#8221; css_animation=&#8221;&#8221;][vc_column_inner width=&#8221;1\/3&#8243;][vc_single_image image=&#8221;10535&#8243; img_size=&#8221;full&#8221; alignment=&#8221;center&#8221; onclick=&#8221;custom_link&#8221; img_link_target=&#8221;_blank&#8221; qode_css_animation=&#8221;&#8221; link=&#8221;http:\/\/www.bp.com\/en\/global\/corporate\/about-bp\/bp-worldwide\/bp-in-mexico.html&#8221;][\/vc_column_inner][vc_column_inner width=&#8221;1\/3&#8243;][vc_single_image image=&#8221;10537&#8243; img_size=&#8221;full&#8221; alignment=&#8221;center&#8221; onclick=&#8221;custom_link&#8221; img_link_target=&#8221;_blank&#8221; qode_css_animation=&#8221;&#8221; link=&#8221;http:\/\/picocheiron.com\/&#8221;][\/vc_column_inner][vc_column_inner width=&#8221;1\/3&#8243;][vc_single_image image=&#8221;10539&#8243; img_size=&#8221;full&#8221; alignment=&#8221;center&#8221; onclick=&#8221;custom_link&#8221; img_link_target=&#8221;_blank&#8221; qode_css_animation=&#8221;&#8221; link=&#8221;https:\/\/www.chevron.com\/&#8221;][\/vc_column_inner][\/vc_row_inner][\/vc_column][vc_column width=&#8221;1\/2&#8243;][vc_row_inner row_type=&#8221;row&#8221; type=&#8221;full_width&#8221; text_align=&#8221;left&#8221; css_animation=&#8221;&#8221;][vc_column_inner width=&#8221;1\/3&#8243;][vc_single_image image=&#8221;10541&#8243; img_size=&#8221;full&#8221; alignment=&#8221;center&#8221; onclick=&#8221;custom_link&#8221; img_link_target=&#8221;_blank&#8221; qode_css_animation=&#8221;&#8221; link=&#8221;http:\/\/www.citlaenergy.com\/&#8221;][\/vc_column_inner][vc_column_inner width=&#8221;1\/3&#8243;][vc_single_image image=&#8221;10547&#8243; img_size=&#8221;full&#8221; alignment=&#8221;center&#8221; onclick=&#8221;custom_link&#8221; img_link_target=&#8221;_blank&#8221; qode_css_animation=&#8221;&#8221; link=&#8221;http:\/\/www.diavaz.com\/&#8221;][\/vc_column_inner][vc_column_inner width=&#8221;1\/3&#8243;][vc_single_image image=&#8221;13921&#8243; img_size=&#8221;full&#8221; alignment=&#8221;center&#8221; onclick=&#8221;custom_link&#8221; img_link_target=&#8221;_blank&#8221; qode_css_animation=&#8221;&#8221; link=&#8221;http:\/\/www.eni.com\/en_IT\/home.html&#8221;][\/vc_column_inner][\/vc_row_inner][\/vc_column][\/vc_row][vc_row css_animation=&#8221;&#8221; row_type=&#8221;row&#8221; use_row_as_full_screen_section=&#8221;no&#8221; type=&#8221;grid&#8221; angled_section=&#8221;no&#8221; text_align=&#8221;left&#8221; background_image_as_pattern=&#8221;without_pattern&#8221; z_index=&#8221;&#8221;][vc_column width=&#8221;1\/2&#8243;][vc_row_inner row_type=&#8221;row&#8221; type=&#8221;full_width&#8221; text_align=&#8221;left&#8221; css_animation=&#8221;&#8221;][vc_column_inner width=&#8221;1\/3&#8243;][vc_single_image image=&#8221;10553&#8243; img_size=&#8221;full&#8221; alignment=&#8221;center&#8221; onclick=&#8221;custom_link&#8221; img_link_target=&#8221;_blank&#8221; qode_css_animation=&#8221;&#8221; link=&#8221;http:\/\/corporate.exxonmobil.com\/&#8221;][\/vc_column_inner][vc_column_inner width=&#8221;1\/3&#8243;][vc_single_image image=&#8221;12793&#8243; img_size=&#8221;full&#8221; alignment=&#8221;center&#8221; onclick=&#8221;custom_link&#8221; img_link_target=&#8221;_blank&#8221; qode_css_animation=&#8221;&#8221; link=&#8221;https:\/\/www.fieldwoodenergy.com\/&#8221;][\/vc_column_inner][vc_column_inner width=&#8221;1\/3&#8243;][vc_single_image image=&#8221;10521&#8243; img_size=&#8221;full&#8221; alignment=&#8221;center&#8221; onclick=&#8221;custom_link&#8221; img_link_target=&#8221;_blank&#8221; qode_css_animation=&#8221;&#8221; link=&#8221;https:\/\/www.harbourenergy.com\/&#8221;][\/vc_column_inner][\/vc_row_inner][\/vc_column][vc_column width=&#8221;1\/2&#8243;][vc_row_inner row_type=&#8221;row&#8221; type=&#8221;full_width&#8221; text_align=&#8221;left&#8221; css_animation=&#8221;&#8221;][vc_column_inner width=&#8221;1\/3&#8243;][vc_single_image image=&#8221;10573&#8243; img_size=&#8221;full&#8221; alignment=&#8221;center&#8221; onclick=&#8221;custom_link&#8221; img_link_target=&#8221;_blank&#8221; qode_css_animation=&#8221;&#8221; link=&#8221;http:\/\/hokchienergy.com\/&#8221;][\/vc_column_inner][vc_column_inner width=&#8221;1\/3&#8243;][vc_single_image image=&#8221;10565&#8243; img_size=&#8221;full&#8221; alignment=&#8221;center&#8221; onclick=&#8221;custom_link&#8221; img_link_target=&#8221;_blank&#8221; qode_css_animation=&#8221;&#8221; link=&#8221;http:\/\/www.jaguar-ep.com\/&#8221;][\/vc_column_inner][vc_column_inner width=&#8221;1\/3&#8243;][vc_single_image image=&#8221;10567&#8243; img_size=&#8221;full&#8221; alignment=&#8221;center&#8221; onclick=&#8221;custom_link&#8221; img_link_target=&#8221;_blank&#8221; qode_css_animation=&#8221;&#8221; link=&#8221;https:\/\/cotemar.com.mx\/&#8221;][\/vc_column_inner][\/vc_row_inner][\/vc_column][\/vc_row][vc_row css_animation=&#8221;&#8221; row_type=&#8221;row&#8221; use_row_as_full_screen_section=&#8221;no&#8221; type=&#8221;grid&#8221; angled_section=&#8221;no&#8221; text_align=&#8221;left&#8221; background_image_as_pattern=&#8221;without_pattern&#8221; z_index=&#8221;&#8221;][vc_column width=&#8221;1\/2&#8243;][vc_row_inner row_type=&#8221;row&#8221; type=&#8221;full_width&#8221; text_align=&#8221;left&#8221; css_animation=&#8221;&#8221;][vc_column_inner width=&#8221;1\/3&#8243;][vc_single_image image=&#8221;10571&#8243; img_size=&#8221;full&#8221; alignment=&#8221;center&#8221; onclick=&#8221;custom_link&#8221; img_link_target=&#8221;_blank&#8221; qode_css_animation=&#8221;&#8221; link=&#8221;http:\/\/www.lukoil.com\/&#8221;][\/vc_column_inner][vc_column_inner width=&#8221;1\/3&#8243;][vc_single_image image=&#8221;10509&#8243; img_size=&#8221;full&#8221; alignment=&#8221;center&#8221; onclick=&#8221;custom_link&#8221; img_link_target=&#8221;_blank&#8221; qode_css_animation=&#8221;&#8221; link=&#8221;http:\/\/informe.alfa.com.mx\/ia\/2012\/newpek.html&#8221;][\/vc_column_inner][vc_column_inner width=&#8221;1\/3&#8243;][vc_single_image image=&#8221;13889&#8243; img_size=&#8221;full&#8221; alignment=&#8221;center&#8221; onclick=&#8221;custom_link&#8221; img_link_target=&#8221;_blank&#8221; qode_css_animation=&#8221;&#8221; link=&#8221;https:\/\/opex.mx\/&#8221;][\/vc_column_inner][\/vc_row_inner][\/vc_column][vc_column width=&#8221;1\/2&#8243;][vc_row_inner row_type=&#8221;row&#8221; type=&#8221;full_width&#8221; text_align=&#8221;left&#8221; css_animation=&#8221;&#8221;][vc_column_inner width=&#8221;1\/3&#8243;][vc_single_image image=&#8221;10511&#8243; img_size=&#8221;full&#8221; alignment=&#8221;center&#8221; onclick=&#8221;custom_link&#8221; img_link_target=&#8221;_blank&#8221; qode_css_animation=&#8221;&#8221; link=&#8221;http:\/\/www.pemex.com\/Paginas\/default.aspx&#8221;][\/vc_column_inner][vc_column_inner width=&#8221;1\/3&#8243;][vc_single_image image=&#8221;10515&#8243; img_size=&#8221;full&#8221; alignment=&#8221;center&#8221; onclick=&#8221;custom_link&#8221; img_link_target=&#8221;_blank&#8221; qode_css_animation=&#8221;&#8221; link=&#8221;https:\/\/www.perenco.com\/&#8221;][\/vc_column_inner][vc_column_inner width=&#8221;1\/3&#8243;][vc_single_image image=&#8221;10523&#8243; img_size=&#8221;full&#8221; alignment=&#8221;center&#8221; onclick=&#8221;custom_link&#8221; img_link_target=&#8221;_blank&#8221; qode_css_animation=&#8221;&#8221; link=&#8221;https:\/\/qp.com.qa\/en\/Pages\/Home.aspx&#8221;][\/vc_column_inner][\/vc_row_inner][\/vc_column][\/vc_row][vc_row css_animation=&#8221;&#8221; row_type=&#8221;row&#8221; use_row_as_full_screen_section=&#8221;no&#8221; type=&#8221;grid&#8221; angled_section=&#8221;no&#8221; text_align=&#8221;left&#8221; background_image_as_pattern=&#8221;without_pattern&#8221; z_index=&#8221;&#8221;][vc_column width=&#8221;1\/2&#8243;][vc_row_inner row_type=&#8221;row&#8221; type=&#8221;full_width&#8221; text_align=&#8221;left&#8221; css_animation=&#8221;&#8221;][vc_column_inner width=&#8221;1\/3&#8243;][vc_single_image image=&#8221;10527&#8243; img_size=&#8221;full&#8221; alignment=&#8221;center&#8221; onclick=&#8221;custom_link&#8221; img_link_target=&#8221;_blank&#8221; qode_css_animation=&#8221;&#8221; link=&#8221;https:\/\/www.repsol.com\/es_es\/&#8221;][\/vc_column_inner][vc_column_inner width=&#8221;1\/3&#8243;][vc_single_image image=&#8221;10525&#8243; img_size=&#8221;full&#8221; alignment=&#8221;center&#8221; onclick=&#8221;custom_link&#8221; img_link_target=&#8221;_blank&#8221; qode_css_animation=&#8221;&#8221; link=&#8221;http:\/\/www.shell.com.mx\/&#8221;][\/vc_column_inner][vc_column_inner width=&#8221;1\/3&#8243;][vc_single_image image=&#8221;10529&#8243; img_size=&#8221;full&#8221; alignment=&#8221;center&#8221; onclick=&#8221;custom_link&#8221; img_link_target=&#8221;_blank&#8221; qode_css_animation=&#8221;&#8221; link=&#8221;http:\/\/www.talosenergyllc.com\/&#8221;][\/vc_column_inner][\/vc_row_inner][\/vc_column][vc_column width=&#8221;1\/2&#8243;][vc_row_inner row_type=&#8221;row&#8221; type=&#8221;full_width&#8221; text_align=&#8221;left&#8221; css_animation=&#8221;&#8221;][vc_column_inner width=&#8221;1\/3&#8243;][vc_single_image image=&#8221;10519&#8243; img_size=&#8221;full&#8221; alignment=&#8221;center&#8221; onclick=&#8221;custom_link&#8221; img_link_target=&#8221;_blank&#8221; qode_css_animation=&#8221;&#8221; link=&#8221;http:\/\/www.tecpetrol.com\/esp\/index.asp&#8221;][\/vc_column_inner][vc_column_inner width=&#8221;1\/3&#8243;][vc_single_image image=&#8221;10576&#8243; img_size=&#8221;full&#8221; alignment=&#8221;center&#8221; onclick=&#8221;custom_link&#8221; img_link_target=&#8221;_blank&#8221; qode_css_animation=&#8221;&#8221; link=&#8221;http:\/\/www.vistaoilandgas.com\/&#8221;][\/vc_column_inner][vc_column_inner width=&#8221;1\/3&#8243;][vc_single_image image=&#8221;10557&#8243; img_size=&#8221;full&#8221; alignment=&#8221;center&#8221; onclick=&#8221;custom_link&#8221; img_link_target=&#8221;_blank&#8221; qode_css_animation=&#8221;&#8221; link=&#8221;https:\/\/www.woodside.com\/&#8221;][\/vc_column_inner][\/vc_row_inner][\/vc_column][\/vc_row][vc_row css_animation=&#8221;&#8221; row_type=&#8221;row&#8221; use_row_as_full_screen_section=&#8221;no&#8221; type=&#8221;full_width&#8221; in_content_menu=&#8221;in_content_menu&#8221; content_menu_icon=&#8221;&#8221; angled_section=&#8221;no&#8221; text_align=&#8221;left&#8221; background_image_as_pattern=&#8221;without_pattern&#8221; css=&#8221;.vc_custom_1678582863508{margin-top: 40px !important;padding-top: 40px !important;padding-bottom: 80px !important;background-color: #f1f2f3 !important;}&#8221; z_index=&#8221;&#8221; padding_bottom=&#8221;0&#8243;][vc_column css=&#8221;.vc_custom_1678063079759{margin-top: 0px !important;margin-right: 0px !important;}&#8221;][vc_empty_space][vc_row_inner row_type=&#8221;row&#8221; type=&#8221;grid&#8221; text_align=&#8221;left&#8221; css_animation=&#8221;&#8221;][vc_column_inner width=&#8221;1\/3&#8243; css=&#8221;.vc_custom_1678582551944{margin-right: 10px !important;}&#8221;][vc_single_image image=&#8221;11626&#8243; img_size=&#8221;full&#8221; qode_css_animation=&#8221;&#8221;][vc_empty_space height=&#8221;16px&#8221;][\/vc_column_inner][vc_column_inner width=&#8221;2\/3&#8243;][vc_column_text]<\/p>\n<h2 style=\"color: #ab3479; text-align: left;\"><strong>\u00bfQu\u00e9 hacemos?<\/strong><\/h2>\n<p>[\/vc_column_text][vc_empty_space height=&#8221;16px&#8221;][vc_column_text el_class=&#8221;q_hacemos&#8221;]<\/p>\n<p style=\"color: #000000; text-align: left;\">La AMEXHI busca compartir los an\u00e1lisis de mejores pr\u00e1cticas y la adopci\u00f3n de pol\u00edticas p\u00fablicas con entidades gubernamentales, acad\u00e9micas, empresariales y de la sociedad civil, que permitan potenciar el desarrollo de la industria energ\u00e9tica nacional.<\/p>\n<p style=\"color: #000000; text-align: left;\">La AMEXHI tambi\u00e9n promueve los proyectos de inversi\u00f3n social y ambiental que realizan las empresas del sector en M\u00e9xico los cuales se llevan a cabo con pleno respeto y con la participaci\u00f3n de las comunidades, estudiantes, academia y poblaci\u00f3n general. Estas actividades se difunden por los distintos canales de comunicaci\u00f3n de la Asociaci\u00f3n incluyendo la publicaci\u00f3n La Energ\u00eda de un Pueblo, donde las empresas agremiadas a la asociaci\u00f3n comparten experiencias en comunidades donde operan.<\/p>\n<p style=\"color: #000000; text-align: left;\">La AMEXHI desarrolla tambi\u00e9n diferentes foros, conferencias y eventos para reunir a especialistas en el sector y hablar del papel del sector hidrocarburos en M\u00e9xico y el mundo.<\/p>\n<p style=\"color: #000000; text-align: left;\">Tanto el personal de AMEXHI como las empresas miembros cuentan con estatutos y un c\u00f3digo de \u00e9tica que est\u00e1n encaminados a cumplir con los objetivos anteriores en pleno respeto de todas las leyes mexicanas aplicables, incluyendo aquellas de competencia y anticorrupci\u00f3n.<\/p>\n<p>[\/vc_column_text][\/vc_column_inner][\/vc_row_inner][vc_empty_space][\/vc_column][\/vc_row][vc_row css_animation=&#8221;&#8221; row_type=&#8221;row&#8221; use_row_as_full_screen_section=&#8221;no&#8221; type=&#8221;full_width&#8221; angled_section=&#8221;no&#8221; text_align=&#8221;left&#8221; background_image_as_pattern=&#8221;without_pattern&#8221;][vc_column][vc_empty_space][vc_column_text]<\/p>\n<h2 style=\"color: #ab3479; text-align: center;\"><strong>\u00bfQui\u00e9nes Somos?<\/strong><\/h2>\n<p>[\/vc_column_text][vc_empty_space][vc_single_image image=&#8221;12843&#8243; img_size=&#8221;full&#8221; alignment=&#8221;center&#8221; qode_css_animation=&#8221;&#8221;][vc_empty_space][\/vc_column][\/vc_row][vc_row css_animation=&#8221;&#8221; row_type=&#8221;row&#8221; use_row_as_full_screen_section=&#8221;no&#8221; type=&#8221;full_width&#8221; in_content_menu=&#8221;in_content_menu&#8221; content_menu_icon=&#8221;&#8221; angled_section=&#8221;no&#8221; text_align=&#8221;left&#8221; background_image_as_pattern=&#8221;without_pattern&#8221; css=&#8221;.vc_custom_1678583450263{margin-top: 40px !important;padding-top: 40px !important;padding-bottom: 80px !important;background-color: #ebf7f5 !important;}&#8221; z_index=&#8221;&#8221; padding_bottom=&#8221;0&#8243;][vc_column css=&#8221;.vc_custom_1678063079759{margin-top: 0px !important;margin-right: 0px !important;}&#8221;][vc_empty_space][vc_row_inner row_type=&#8221;row&#8221; type=&#8221;grid&#8221; text_align=&#8221;left&#8221; css_animation=&#8221;&#8221;][vc_column_inner width=&#8221;1\/3&#8243; css=&#8221;.vc_custom_1678582551944{margin-right: 10px !important;}&#8221;][vc_column_text]<\/p>\n<h2 style=\"color: #669999; text-align: left;\"><strong>Beneficios de ser un Miembro AMEXHI<\/strong><\/h2>\n<p>[\/vc_column_text][\/vc_column_inner][vc_column_inner width=&#8221;2\/3&#8243;][vc_column_text el_class=&#8221;beneficios_txt&#8221;]La Asociaci\u00f3n tiene como objetivo que la industria mexicana de extracci\u00f3n y exploraci\u00f3n de hidrocarburos se desarrolle con los m\u00e1s altos est\u00e1ndares internacionales de desempe\u00f1o y transparencia, para lo cual busca compartir con entidades gubernamentales, acad\u00e9micas, empresariales y de la sociedad civil, las reflexiones y el an\u00e1lisis de mejores pr\u00e1cticas y la adopci\u00f3n de pol\u00edticas p\u00fablicas que posibiliten al sector contribuir eficientemente al desarrollo de una industria segura y socialmente responsable, comprometida con el crecimiento sustentable de M\u00e9xico.<\/p>\n<p>La Membres\u00eda a la Asociaci\u00f3n Mexicana de Empresas de Hidrocarburos, A.C., brinda a los asociados los siguientes beneficios:<\/p>\n<p>1. Asesor\u00eda Fiscal<br \/>\n2. Asesor\u00eda Legal<br \/>\n3. Asesor\u00eda en Mejores Pr\u00e1cticas Internacionales<br \/>\n4. Asesor\u00eda en Normativa y Regulatoria.<\/p>\n<p>La Asociaci\u00f3n, para el cumplimiento exclusivo de su objeto social puede organizar cursos, seminarios, pl\u00e1ticas o cualquier evento similar.<\/p>\n<p>Los asociados tienen derecho a participar activamente en los Comit\u00e9s y Subcomit\u00e9s de la Asociaci\u00f3n.[\/vc_column_text][\/vc_column_inner][\/vc_row_inner][\/vc_column][\/vc_row][vc_row css_animation=&#8221;&#8221; row_type=&#8221;row&#8221; use_row_as_full_screen_section=&#8221;no&#8221; type=&#8221;full_width&#8221; in_content_menu=&#8221;in_content_menu&#8221; content_menu_icon=&#8221;&#8221; angled_section=&#8221;no&#8221; text_align=&#8221;left&#8221; background_image_as_pattern=&#8221;without_pattern&#8221; css=&#8221;.vc_custom_1679330216216{margin-top: 0px !important;padding-top: 40px !important;padding-bottom: 40px !important;background-color: #220b35 !important;}&#8221; z_index=&#8221;&#8221; padding_bottom=&#8221;0&#8243;][vc_column css=&#8221;.vc_custom_1678063079759{margin-top: 0px !important;margin-right: 0px !important;}&#8221;][vc_row_inner row_type=&#8221;row&#8221; type=&#8221;grid&#8221; text_align=&#8221;left&#8221; css_animation=&#8221;&#8221;][vc_column_inner width=&#8221;1\/2&#8243; css=&#8221;.vc_custom_1678582551944{margin-right: 10px !important;}&#8221;][vc_column_text]<\/p>\n<h3 style=\"color: #fff; text-align: left;\">Si deseas convertirte en parte de la AMEXHI o tienes alguna duda acerca de proceso o requisitos, por favor contacta a:<\/h3>\n<p>[\/vc_column_text][\/vc_column_inner][vc_column_inner width=&#8221;1\/2&#8243;][vc_column_text]<\/p>\n<p style=\"text-align: left; color: white; font-size: 20px;\"><img loading=\"lazy\" decoding=\"async\" class=\"alignnone size-full wp-image-10599\" style=\"vertical-align: middle;\" src=\"https:\/\/www.amexhi.org\/wp-content\/uploads\/2023\/03\/email.png\" alt=\"email\" width=\"31\" height=\"21\" \/> amexhi@amexhi.org<\/p>\n<p>[\/vc_column_text][\/vc_column_inner][\/vc_row_inner][\/vc_column][\/vc_row]<\/p>\n<\/section>","protected":false},"excerpt":{"rendered":"<p>[vc_row css_animation=&#8221;&#8221; row_type=&#8221;row&#8221; use_row_as_full_screen_section=&#8221;no&#8221; type=&#8221;grid&#8221; angled_section=&#8221;no&#8221; text_align=&#8221;left&#8221; background_image_as_pattern=&#8221;without_pattern&#8221; z_index=&#8221;&#8221; el_class=&#8221;fondo01&#8243;][vc_column width=&#8221;1\/4&#8243;][vc_empty_space][vc_single_image image=&#8221;10443&#8243; img_size=&#8221;full&#8221; qode_css_animation=&#8221;&#8221;][\/vc_column][vc_column width=&#8221;3\/4&#8243;][vc_empty_space][vc_column_text] \u00bfQu\u00e9 es AMEXHI? [\/vc_column_text][vc_empty_space height=&#8221;16px&#8221;][vc_column_text] La\u202fAsociaci\u00f3n Mexicana de Empresas de Hidrocarburos (AMEXHI), es una asociaci\u00f3n civil sin fines de lucro que re\u00fane a los principales inversionistas y operadores de petr\u00f3leo&#8230;<\/p>\n","protected":false},"author":9,"featured_media":0,"parent":0,"menu_order":0,"comment_status":"closed","ping_status":"closed","template":"full_width.php","meta":{"_seopress_robots_primary_cat":"","footnotes":""},"class_list":["post-3850","page","type-page","status-publish","hentry"],"_links":{"self":[{"href":"https:\/\/www.amexhi.org\/en\/wp-json\/wp\/v2\/pages\/3850","targetHints":{"allow":["GET"]}}],"collection":[{"href":"https:\/\/www.amexhi.org\/en\/wp-json\/wp\/v2\/pages"}],"about":[{"href":"https:\/\/www.amexhi.org\/en\/wp-json\/wp\/v2\/types\/page"}],"author":[{"embeddable":true,"href":"https:\/\/www.amexhi.org\/en\/wp-json\/wp\/v2\/users\/9"}],"replies":[{"embeddable":true,"href":"https:\/\/www.amexhi.org\/en\/wp-json\/wp\/v2\/comments?post=3850"}],"version-history":[{"count":12,"href":"https:\/\/www.amexhi.org\/en\/wp-json\/wp\/v2\/pages\/3850\/revisions"}],"predecessor-version":[{"id":13923,"href":"https:\/\/www.amexhi.org\/en\/wp-json\/wp\/v2\/pages\/3850\/revisions\/13923"}],"wp:attachment":[{"href":"https:\/\/www.amexhi.org\/en\/wp-json\/wp\/v2\/media?parent=3850"}],"curies":[{"name":"wp","href":"https:\/\/api.w.org\/{rel}","templated":true}]}}