{"id":10956,"date":"2021-04-26T22:18:21","date_gmt":"2021-04-27T03:18:21","guid":{"rendered":"https:\/\/www.amexhi.org\/our-industry\/la-energia-de-un-pueblo\/"},"modified":"2025-08-28T18:51:47","modified_gmt":"2025-08-28T23:51:47","slug":"la-energia-de-un-pueblo","status":"publish","type":"page","link":"https:\/\/www.amexhi.org\/en\/our-industry\/la-energia-de-un-pueblo\/","title":{"rendered":"La Energ\u00eda de un Pueblo"},"content":{"rendered":"<section class=\"wpb-content-wrapper\"><p>[vc_row row_type=&#8221;parallax&#8221; parallax_content_width=&#8221;in_grid&#8221; text_align=&#8221;left&#8221; full_screen_section_height=&#8221;no&#8221; css=&#8221;.vc_custom_1756067517052{margin-bottom: 0px !important;}&#8221;][vc_column][vc_row_inner row_type=&#8221;row&#8221; type=&#8221;full_width&#8221; text_align=&#8221;left&#8221; css_animation=&#8221;&#8221;][vc_column_inner][vc_empty_space height=&#8221;50px&#8221;][vc_column_text]<\/p>\n<h4>\u00a1Bienvenido a la secci\u00f3n\u00a0<em><b class=\"\">La Energ\u00eda de un Pueblo<\/b><\/em>!<\/h4>\n<p>En este espacio compartimos las experiencias de c\u00f3mo la industria de hidrocarburos fomenta el crecimiento y bienestar de las comunidades donde opera. A trav\u00e9s de proyectos que fortalecen la educaci\u00f3n, salud, infraestructura, econom\u00eda local y medio ambiente, AMEXHI y sus miembros demuestran su compromiso con el desarrollo sostenible y la prosperidad compartida.<\/p>\n<p>Descubre aqu\u00ed las iniciativas que transforman la energ\u00eda en progreso y el progreso en un futuro m\u00e1s brillante para todos.[\/vc_column_text][\/vc_column_inner][\/vc_row_inner][\/vc_column][\/vc_row][vc_row css_animation=&#8221;&#8221; row_type=&#8221;row&#8221; use_row_as_full_screen_section=&#8221;no&#8221; type=&#8221;full_width&#8221; angled_section=&#8221;no&#8221; text_align=&#8221;left&#8221; background_image_as_pattern=&#8221;without_pattern&#8221;][vc_column width=&#8221;1\/6&#8243;][\/vc_column][vc_column width=&#8221;2\/3&#8243;][vc_empty_space height=&#8221;50px&#8221;][vc_video link=&#8221;https:\/\/youtu.be\/7bwprZMdzLs&#8221; el_aspect=&#8221;235&#8243; align=&#8221;center&#8221;][vc_empty_space height=&#8221;50px&#8221;][\/vc_column][vc_column width=&#8221;1\/6&#8243;][\/vc_column][\/vc_row][vc_row css_animation=&#8221;&#8221; row_type=&#8221;row&#8221; use_row_as_full_screen_section=&#8221;no&#8221; type=&#8221;full_width&#8221; angled_section=&#8221;no&#8221; text_align=&#8221;left&#8221; background_image_as_pattern=&#8221;without_pattern&#8221;][vc_column width=&#8221;1\/6&#8243;][\/vc_column][vc_column parallax=&#8221;content-moving&#8221; parallax_image=&#8221;13969&#8243; width=&#8221;1\/3&#8243;][vc_empty_space height=&#8221;50px&#8221;][vc_single_image image=&#8221;13943&#8243; img_size=&#8221;medium&#8221; alignment=&#8221;center&#8221; qode_css_animation=&#8221;&#8221;][vc_empty_space height=&#8221;50px&#8221;][\/vc_column][vc_column width=&#8221;1\/3&#8243;][vc_empty_space height=&#8221;50px&#8221;][vc_column_text]<\/p>\n<div class=\"wpb_text_column wpb_content_element \">\n<h1 class=\"wpb_wrapper\"><span style=\"color: #6bbbd8;\">La Energ\u00eda de Un Pueblo<\/span><\/h1>\n<\/div>\n<div class=\"wpb_text_column wpb_content_element \">\n<div class=\"wpb_wrapper\">\n<p>PRIMERA EDICI\u00d3N \u2013 2021<\/p>\n<p>La industria de los hidrocarburos, de la mano de las comunidades y los distintos niveles de gobierno, impulsa una transformaci\u00f3n para los mexicanos. Este trabajo en equipo est\u00e1 mejorando el empleo, las capacidades de la poblaci\u00f3n, el entorno y el medio ambiente, con una visi\u00f3n de largo plazo.<\/p>\n<\/div>\n<\/div>\n<p>[\/vc_column_text]<a  itemprop=\"url\" href=\"https:\/\/www.amexhi.org\/wp-content\/uploads\/2021\/03\/LID_Amexhi_Libro_La_Energia_de_un_Pueblo_compressed.pdf\" target=\"_blank\"  class=\"qbutton  large default\" style=\"\">PDF<\/a><a  itemprop=\"url\" href=\"https:\/\/www.youtube.com\/watch?v=DoKjNqvAN0s&amp;t=20s\" target=\"_blank\"  class=\"qbutton  large default\" style=\"\">Video<\/a>[vc_empty_space height=&#8221;50px&#8221;][\/vc_column][vc_column width=&#8221;1\/6&#8243;][\/vc_column][\/vc_row][vc_row css_animation=&#8221;&#8221; row_type=&#8221;row&#8221; use_row_as_full_screen_section=&#8221;no&#8221; type=&#8221;full_width&#8221; angled_section=&#8221;no&#8221; text_align=&#8221;left&#8221; background_image_as_pattern=&#8221;without_pattern&#8221;][vc_column][vc_empty_space height=&#8221;50px&#8221;][\/vc_column][\/vc_row][vc_row css_animation=&#8221;&#8221; row_type=&#8221;row&#8221; use_row_as_full_screen_section=&#8221;no&#8221; type=&#8221;full_width&#8221; angled_section=&#8221;no&#8221; text_align=&#8221;left&#8221; background_image_as_pattern=&#8221;without_pattern&#8221;][vc_column width=&#8221;1\/6&#8243;][\/vc_column][vc_column parallax=&#8221;content-moving&#8221; parallax_image=&#8221;13971&#8243; width=&#8221;1\/3&#8243;][vc_empty_space height=&#8221;50px&#8221;][vc_single_image image=&#8221;13975&#8243; img_size=&#8221;medium&#8221; alignment=&#8221;center&#8221; qode_css_animation=&#8221;&#8221;][vc_empty_space height=&#8221;50px&#8221;][\/vc_column][vc_column width=&#8221;1\/3&#8243;][vc_empty_space height=&#8221;50px&#8221;][vc_column_text]<\/p>\n<div class=\"wpb_text_column wpb_content_element \">\n<div class=\"wpb_text_column wpb_content_element \">\n<div class=\"wpb_wrapper\">\n<h1><span style=\"color: #464070;\">Testimonios de un Compromiso Compartido<\/span><\/h1>\n<\/div>\n<\/div>\n<div class=\"wpb_text_column wpb_content_element \">\n<div class=\"wpb_wrapper\">\n<p>SEGUNDA EDICI\u00d3N \u2013 2022<\/p>\n<p>La industria de los hidrocarburos, de la mano de las comunidades y los distintos niveles de gobierno, impulsa una transformaci\u00f3n para los mexicanos. Este trabajo en equipo est\u00e1 mejorando el empleo, las capacidades de la poblaci\u00f3n, el entorno y el medio ambiente, con una visi\u00f3n de largo plazo.<\/p>\n<\/div>\n<\/div>\n<\/div>\n<p>[\/vc_column_text]<a  itemprop=\"url\" href=\"https:\/\/www.amexhi.org\/wp-content\/uploads\/2022\/09\/LaEnergiadeunPueblov2_OK.pdf\" target=\"_blank\"  class=\"qbutton  large default\" style=\"\">PDF<\/a><a  itemprop=\"url\" href=\"https:\/\/youtu.be\/yHf1ADmPyR8\" target=\"_blank\"  class=\"qbutton  large default\" style=\"\">Video<\/a><a  itemprop=\"url\" href=\"https:\/\/www.amexhi.org\/wp-content\/uploads\/2022\/09\/LEDUP.epub\" target=\"_blank\"  class=\"qbutton  large default\" style=\"\">ePub<\/a>[vc_empty_space height=&#8221;50px&#8221;][\/vc_column][vc_column width=&#8221;1\/6&#8243;][\/vc_column][\/vc_row][vc_row css_animation=&#8221;&#8221; row_type=&#8221;row&#8221; use_row_as_full_screen_section=&#8221;no&#8221; type=&#8221;full_width&#8221; angled_section=&#8221;no&#8221; text_align=&#8221;left&#8221; background_image_as_pattern=&#8221;without_pattern&#8221;][vc_column][vc_empty_space height=&#8221;50px&#8221;][\/vc_column][\/vc_row][vc_row css_animation=&#8221;&#8221; row_type=&#8221;row&#8221; use_row_as_full_screen_section=&#8221;no&#8221; type=&#8221;full_width&#8221; angled_section=&#8221;no&#8221; text_align=&#8221;left&#8221; background_image_as_pattern=&#8221;without_pattern&#8221;][vc_column width=&#8221;1\/6&#8243;][\/vc_column][vc_column parallax=&#8221;content-moving&#8221; parallax_image=&#8221;13973&#8243; width=&#8221;1\/3&#8243;][vc_empty_space height=&#8221;50px&#8221;][vc_single_image image=&#8221;13945&#8243; img_size=&#8221;medium&#8221; alignment=&#8221;center&#8221; qode_css_animation=&#8221;&#8221;][vc_empty_space height=&#8221;50px&#8221;][\/vc_column][vc_column width=&#8221;1\/3&#8243;][vc_empty_space height=&#8221;50px&#8221;][vc_column_text]<\/p>\n<div class=\"wpb_text_column wpb_content_element \">\n<div class=\"wpb_text_column wpb_content_element \">\n<div class=\"wpb_wrapper\">\n<div class=\"wpb_text_column wpb_content_element \">\n<div class=\"wpb_wrapper\">\n<h1><span style=\"color: #e06b2d;\">Creciendo Juntos en Comunidad<\/span><\/h1>\n<\/div>\n<\/div>\n<div class=\"wpb_text_column wpb_content_element \">\n<div class=\"wpb_wrapper\">\n<p>TERCERA EDICI\u00d3N \u2013 2024<\/p>\n<p>La tercera edici\u00f3n de La Energ\u00eda de Un Pueblo muestra los resultados alcanzados gracias al trabajo coordinado entre compa\u00f1\u00edas, gobiernos estatalesx y municipales, sociedad civil, academia, l\u00edderes y expertos locales y miembros comunitarios. La convivencia y retroalimentaci\u00f3n mutua han sido la clave para construir programas que, adem\u00e1s de tener un fuerte impacto local, alcancen en algunos casos escala nacional y son sostenibles en el tiempo ya que se adaptan a las necesidades cambiantes de los grupos de inter\u00e9s y su entorno.<\/p>\n<\/div>\n<\/div>\n<\/div>\n<\/div>\n<\/div>\n<p>[\/vc_column_text]<a  itemprop=\"url\" href=\"https:\/\/www.amexhi.org\/wp-content\/uploads\/2024\/02\/Vol-3-La-Energia-de-un-Pueblo-V3-compress.pdf\" target=\"_blank\"  class=\"qbutton  large default\" style=\"\">PDF<\/a><a  itemprop=\"url\" href=\"https:\/\/youtu.be\/u03HkDYlMyk\" target=\"_blank\"  class=\"qbutton  large default\" style=\"\">Video<\/a>[vc_empty_space height=&#8221;50px&#8221;][\/vc_column][vc_column width=&#8221;1\/6&#8243;][\/vc_column][vc_column][vc_empty_space][\/vc_column][\/vc_row][vc_row css_animation=&#8221;&#8221; row_type=&#8221;row&#8221; use_row_as_full_screen_section=&#8221;no&#8221; type=&#8221;full_width&#8221; angled_section=&#8221;no&#8221; text_align=&#8221;left&#8221; background_image_as_pattern=&#8221;without_pattern&#8221;][vc_column width=&#8221;1\/6&#8243;][\/vc_column][vc_column parallax=&#8221;content-moving&#8221; parallax_image=&#8221;13967&#8243; width=&#8221;1\/3&#8243;][vc_empty_space height=&#8221;50px&#8221;][vc_single_image image=&#8221;13947&#8243; img_size=&#8221;medium&#8221; alignment=&#8221;center&#8221; qode_css_animation=&#8221;&#8221;][vc_empty_space height=&#8221;50px&#8221;][\/vc_column][vc_column width=&#8221;1\/3&#8243;][vc_empty_space height=&#8221;50px&#8221;][vc_column_text]<\/p>\n<div class=\"wpb_text_column wpb_content_element \">\n<div class=\"wpb_text_column wpb_content_element \">\n<div class=\"wpb_wrapper\">\n<div class=\"wpb_text_column wpb_content_element \">\n<div class=\"wpb_wrapper\">\n<div class=\"wpb_text_column wpb_content_element \">\n<div class=\"wpb_wrapper\">\n<h1><span style=\"color: #eb80ae;\">Tejiendo Lazos para el Futuro<\/span><\/h1>\n<\/div>\n<\/div>\n<div class=\"wpb_text_column wpb_content_element \">\n<div class=\"wpb_wrapper\">\n<p>CUARTA EDICI\u00d3N\u00a0 \u2013 2025<\/p>\n<p>La Energ\u00eda de Un Pueblo, Tejiendo Lazos para el Futuro, es la cuarta edici\u00f3n que se consolida como testimonio del impacto positivo que el sector de hidrocarburos ha generado en las comunidades mexicanas donde opera. A trav\u00e9s de la colaboraci\u00f3n entre empresas, gobiernos locales, sociedad civil y l\u00edderes comunitarios, se han impulsado iniciativas que no solo transforman el entorno local, sino que tambi\u00e9n han alcanzado una escala nacional con efectos sostenibles en el tiempo.<\/p>\n<\/div>\n<\/div>\n<\/div>\n<\/div>\n<\/div>\n<\/div>\n<\/div>\n<p>[\/vc_column_text]<a  itemprop=\"url\" href=\"https:\/\/www.amexhi.org\/wp-content\/uploads\/2025\/08\/LEP_Vol-4.pdf\" target=\"_blank\"  class=\"qbutton  large default\" style=\"\">PDF<\/a>[vc_empty_space height=&#8221;50px&#8221;][\/vc_column][vc_column width=&#8221;1\/6&#8243;][\/vc_column][\/vc_row][vc_row css_animation=&#8221;&#8221; row_type=&#8221;row&#8221; use_row_as_full_screen_section=&#8221;no&#8221; type=&#8221;full_width&#8221; angled_section=&#8221;no&#8221; text_align=&#8221;left&#8221; background_image_as_pattern=&#8221;without_pattern&#8221;][vc_column width=&#8221;1\/6&#8243;][\/vc_column][vc_column width=&#8221;2\/3&#8243;][vc_column_text]Aqu\u00ed encontrar\u00e1s m\u00e1s informaci\u00f3n sobre cada edici\u00f3n de este libro[\/vc_column_text][vc_single_image image=&#8221;14009&#8243; img_size=&#8221;full&#8221; alignment=&#8221;center&#8221; qode_css_animation=&#8221;&#8221;][vc_single_image image=&#8221;12798&#8243; img_size=&#8221;full&#8221; alignment=&#8221;center&#8221; qode_css_animation=&#8221;&#8221;][vc_single_image image=&#8221;9799&#8243; img_size=&#8221;full&#8221; alignment=&#8221;center&#8221; qode_css_animation=&#8221;&#8221;][\/vc_column][vc_column width=&#8221;1\/6&#8243;][\/vc_column][\/vc_row]<\/p>\n<\/section>","protected":false},"excerpt":{"rendered":"<p>[vc_row row_type=&#8221;parallax&#8221; parallax_content_width=&#8221;in_grid&#8221; text_align=&#8221;left&#8221; full_screen_section_height=&#8221;no&#8221; css=&#8221;.vc_custom_1756067517052{margin-bottom: 0px !important;}&#8221;][vc_column][vc_row_inner row_type=&#8221;row&#8221; type=&#8221;full_width&#8221; text_align=&#8221;left&#8221; css_animation=&#8221;&#8221;][vc_column_inner][vc_empty_space height=&#8221;50px&#8221;][vc_column_text] \u00a1Bienvenido a la secci\u00f3n\u00a0La Energ\u00eda de un Pueblo! En este espacio compartimos las experiencias de c\u00f3mo la industria de hidrocarburos fomenta el crecimiento y bienestar de las comunidades donde opera. A trav\u00e9s&#8230;<\/p>\n","protected":false},"author":9,"featured_media":0,"parent":3989,"menu_order":0,"comment_status":"closed","ping_status":"closed","template":"full_width.php","meta":{"_seopress_robots_primary_cat":"","footnotes":""},"class_list":["post-10956","page","type-page","status-publish","hentry"],"_links":{"self":[{"href":"https:\/\/www.amexhi.org\/en\/wp-json\/wp\/v2\/pages\/10956","targetHints":{"allow":["GET"]}}],"collection":[{"href":"https:\/\/www.amexhi.org\/en\/wp-json\/wp\/v2\/pages"}],"about":[{"href":"https:\/\/www.amexhi.org\/en\/wp-json\/wp\/v2\/types\/page"}],"author":[{"embeddable":true,"href":"https:\/\/www.amexhi.org\/en\/wp-json\/wp\/v2\/users\/9"}],"replies":[{"embeddable":true,"href":"https:\/\/www.amexhi.org\/en\/wp-json\/wp\/v2\/comments?post=10956"}],"version-history":[{"count":22,"href":"https:\/\/www.amexhi.org\/en\/wp-json\/wp\/v2\/pages\/10956\/revisions"}],"predecessor-version":[{"id":14011,"href":"https:\/\/www.amexhi.org\/en\/wp-json\/wp\/v2\/pages\/10956\/revisions\/14011"}],"up":[{"embeddable":true,"href":"https:\/\/www.amexhi.org\/en\/wp-json\/wp\/v2\/pages\/3989"}],"wp:attachment":[{"href":"https:\/\/www.amexhi.org\/en\/wp-json\/wp\/v2\/media?parent=10956"}],"curies":[{"name":"wp","href":"https:\/\/api.w.org\/{rel}","templated":true}]}}