{"id":10947,"date":"2020-09-10T14:53:00","date_gmt":"2020-09-10T19:53:00","guid":{"rendered":"https:\/\/www.amexhi.org\/our-industry\/sostenibilidad\/"},"modified":"2023-07-26T11:06:30","modified_gmt":"2023-07-26T16:06:30","slug":"sustainability","status":"publish","type":"page","link":"https:\/\/www.amexhi.org\/en\/our-industry\/sustainability\/","title":{"rendered":"Sustainability in the Hydrocarbons Industry"},"content":{"rendered":"<section class=\"wpb-content-wrapper\"><p>[vc_row css_animation=&#8221;&#8221; row_type=&#8221;row&#8221; use_row_as_full_screen_section=&#8221;no&#8221; type=&#8221;full_width&#8221; angled_section=&#8221;no&#8221; text_align=&#8221;left&#8221; background_image_as_pattern=&#8221;without_pattern&#8221; z_index=&#8221;&#8221; el_class=&#8221;alto-completo&#8221;][vc_column width=&#8221;1\/3&#8243; css=&#8221;.vc_custom_1686238725665{padding-top: 100px !important;padding-right: 10% !important;padding-bottom: 100px !important;padding-left: 10% !important;background-color: #dc572a !important;}&#8221;][vc_column_text]<\/p>\n<h4 style=\"text-align: right;\"><span style=\"color: #fff;\">Sostenibilidad y Seguridad Industrial<br \/>\n<\/span><\/h4>\n<p>[\/vc_column_text][vc_column_text]<\/p>\n<h2 style=\"text-align: right;\"><span style=\"color: #ffffff;\">Operaciones Sostenibles <\/span><\/h2>\n<p style=\"text-align: right; color: #ffffff;\">Al ser un motor de la econom\u00eda global y local de M\u00e9xico, las empresas del sector han asumido compromisos para asegurar la sostenibilidad de sus operaciones.<\/p>\n<p>[\/vc_column_text][\/vc_column][vc_column width=&#8221;1\/3&#8243; css=&#8221;.vc_custom_1690069735679{background-image: url(https:\/\/www.amexhi.org\/wp-content\/uploads\/2023\/06\/sostenibilidad-seguridad-industrial.jpg?id=11506) !important;background-position: center !important;background-repeat: no-repeat !important;background-size: cover !important;}&#8221; el_class=&#8221;img_mid&#8221;][\/vc_column][vc_column width=&#8221;1\/3&#8243; css=&#8221;.vc_custom_1685915934074{padding-top: 100px !important;padding-right: 10% !important;padding-bottom: 60px !important;padding-left: 10% !important;}&#8221;][vc_column_text]Los compromisos est\u00e1n asociados, principalmente, a los <a href=\"https:\/\/www.un.org\/sustainabledevelopment\/es\/\">17 Objetivos de Desarrollo Sostenible para 2030 \u00a0<\/a>e incluyen:<\/p>\n<ul>\n<li>Desarrollo econ\u00f3mico<\/li>\n<li>Fortalecimiento del contenido local y transferencia de tecnolog\u00eda<\/li>\n<li>Apoyo y compromiso en las comunidades donde opera<\/li>\n<li>Adopci\u00f3n de medidas anticorrupci\u00f3n<\/li>\n<li>Protecci\u00f3n ambiental y la reducci\u00f3n de gases de efecto invernadero.<\/li>\n<\/ul>\n<p>[\/vc_column_text][\/vc_column][\/vc_row][vc_row css_animation=&#8221;&#8221; row_type=&#8221;row&#8221; use_row_as_full_screen_section=&#8221;no&#8221; type=&#8221;full_width&#8221; angled_section=&#8221;no&#8221; text_align=&#8221;left&#8221; background_image_as_pattern=&#8221;without_pattern&#8221; z_index=&#8221;&#8221; el_class=&#8221;alto-completo&#8221;][vc_column width=&#8221;1\/3&#8243; css=&#8221;.vc_custom_1686336174585{padding-top: 40px !important;padding-right: 10% !important;padding-bottom: 40px !important;padding-left: 10% !important;background-color: #db724e !important;}&#8221;][vc_empty_space height=&#8221;100px&#8221;][\/vc_column][vc_column width=&#8221;2\/3&#8243; css=&#8221;.vc_custom_1690068071648{padding-top: 40px !important;padding-right: 5% !important;padding-bottom: 40px !important;padding-left: 5% !important;background-position: center !important;background-repeat: no-repeat !important;background-size: cover !important;}&#8221; el_class=&#8221;colapsable01 titulo_largo color03&#8243;][vc_accordion active_tab=&#8221;&#8221; style=&#8221;toggle&#8221;][vc_accordion_tab title=&#8221;Cuidado Ambiental&#8221; title_color=&#8221;#ffffff&#8221;][vc_column_text]Las empresas agremiadas en AMEXHI tienen el firme compromiso de ser respetuosas con el medio ambiente y de implementar medidas que reduzcan la huella de carbono tanto de sus operaciones como de los barriles que se extraen diariamente. Este compromiso tambi\u00e9n es el reconocimiento de un compromiso con el futuro del planeta y del papel que fungen los hidrocarburos para asegurar que se alcancen las metas globales.<\/p>\n<p>Algunas de sus principales estrategias est\u00e1n enfocadas en:<\/p>\n<ul style=\"margin-bottom: 20px;\">\n<li>Reducci\u00f3n de emisiones contaminantes<\/li>\n<li>Captura, almacenamiento y uso de carbono<\/li>\n<li>Inversi\u00f3n en fuentes alternativas de energ\u00eda<\/li>\n<li>Reducci\u00f3n y manejo de descargas de aguas<\/li>\n<li>Tratamiento y reciclaje de materiales<\/li>\n<li>Campa\u00f1as de concientizaci\u00f3n para reducci\u00f3n de emisiones contaminantes<\/li>\n<li>Investigaci\u00f3n y desarrollo enfocado en eficiencia de combustibles.<\/li>\n<\/ul>\n<p>Para conocer m\u00e1s sobre el posicionamiento de cada compa\u00f1\u00eda y sus estrategias e iniciativas individuales, te recomendamos consultar la p\u00e1gina de internet de nuestros miembros aqu\u00ed.<\/p>\n<p>Tambi\u00e9n compartimos algunos recursos bibliogr\u00e1ficos para conocer m\u00e1s sobre las tendencias globales y nacionales de sustentabilidad energ\u00e9tica en el sector de hidrocarburos, los compromisos realizados por la industria y organismos internacionales que coordinan los esfuerzos de empresas, sociedad civil y asociaciones.[\/vc_column_text][\/vc_accordion_tab][\/vc_accordion][\/vc_column][\/vc_row][vc_row css_animation=&#8221;&#8221; row_type=&#8221;row&#8221; use_row_as_full_screen_section=&#8221;no&#8221; type=&#8221;full_width&#8221; angled_section=&#8221;no&#8221; text_align=&#8221;left&#8221; background_image_as_pattern=&#8221;without_pattern&#8221; z_index=&#8221;&#8221; el_class=&#8221;alto-completo&#8221;][vc_column width=&#8221;1\/3&#8243; css=&#8221;.vc_custom_1686336195708{padding-top: 40px !important;padding-right: 10% !important;padding-bottom: 40px !important;padding-left: 10% !important;background-color: #db724e !important;}&#8221;][vc_empty_space height=&#8221;100px&#8221;][\/vc_column][vc_column width=&#8221;2\/3&#8243; css=&#8221;.vc_custom_1690068079457{padding-top: 40px !important;padding-right: 5% !important;padding-bottom: 40px !important;padding-left: 5% !important;background-position: center !important;background-repeat: no-repeat !important;background-size: cover !important;}&#8221; el_class=&#8221;colapsable01 titulo_largo color03&#8243;][vc_accordion active_tab=&#8221;&#8221; style=&#8221;toggle&#8221;][vc_accordion_tab title=&#8221;Nuestra comunidad&#8221; title_color=&#8221;#ffffff&#8221;][vc_column_text]Una estrategia sostenible incluye tambi\u00e9n el apoyo a las distintas comunidades con las que tiene contacto la industria de hidrocarburos.<\/p>\n<p>Para conocer las iniciativas de AMEXHI en temas sociales y de comunidad, visita la p\u00e1gina Nuestra Comunidad <a href=\"https:\/\/www.amexhi.org\/nuestra-industria\/nuestra-comunidad\/\">aqu\u00ed<\/a>.[\/vc_column_text][\/vc_accordion_tab][\/vc_accordion][\/vc_column][\/vc_row][vc_row css_animation=&#8221;&#8221; row_type=&#8221;row&#8221; use_row_as_full_screen_section=&#8221;no&#8221; type=&#8221;full_width&#8221; angled_section=&#8221;no&#8221; text_align=&#8221;left&#8221; background_image_as_pattern=&#8221;without_pattern&#8221; z_index=&#8221;&#8221; el_class=&#8221;alto-completo&#8221;][vc_column width=&#8221;1\/3&#8243; css=&#8221;.vc_custom_1686336215700{padding-top: 40px !important;padding-right: 10% !important;padding-bottom: 40px !important;padding-left: 10% !important;background-color: #db724e !important;}&#8221;][vc_empty_space height=&#8221;100px&#8221;][\/vc_column][vc_column width=&#8221;2\/3&#8243; css=&#8221;.vc_custom_1690068087272{padding-top: 40px !important;padding-right: 5% !important;padding-bottom: 40px !important;padding-left: 5% !important;background-position: center !important;background-repeat: no-repeat !important;background-size: cover !important;}&#8221; el_class=&#8221;colapsable01 titulo_largo color03&#8243;][vc_accordion active_tab=&#8221;&#8221; style=&#8221;toggle&#8221;][vc_accordion_tab title=&#8221;Recursos&#8221; title_color=&#8221;#ffffff&#8221;][vc_column_text]<\/p>\n<ul style=\"margin-bottom: 20px;\">\n<li><a href=\"https:\/\/www.ipieca.org\/media\/3093\/mapping_og_to_sdg_atlas_lr_2017.pdf\">Mapping The Oil And Gas Industry To The Sustainable Development Goals: An Atlas<\/a>.<\/li>\n<li>World Business Council for Sustainable Development.<a href=\"https:\/\/www.wbcsd.org\/Overview\/About-us\/Action2020\">\u00a0Action 2020<\/a><\/li>\n<li>Naciones Unidas\u00a0<a href=\"https:\/\/www.un.org\/sustainabledevelopment\/sustainable-development-goals\/\">https:\/\/www.un.org\/sustainabledevelopment\/sustainable-development-goals\/<\/a><\/li>\n<li>Energy for Progress:\u00a0<a href=\"https:\/\/energyforprogress.org\/article\/how-natural-gas-solar-and-wind-work-together-to-power-the-grid\/\">https:\/\/energyforprogress.org\/article\/how-natural-gas-solar-and-wind-work-together-to-power-the-grid\/<\/a><\/li>\n<\/ul>\n<p>Igualmente, aqu\u00ed puedes consultar la regulaci\u00f3n en materia ambiental a la que est\u00e1 sujeta la industria de hidrocarburos:<\/p>\n<ul style=\"margin-bottom: 20px;\">\n<li>Agencia de Seguridad, Energ\u00eda y Ambiente\u00a0<a href=\"https:\/\/www.gob.mx\/asea\/\">https:\/\/www.gob.mx\/asea\/<\/a><\/li>\n<li>Todo Sobre Regulaci\u00f3n de Hidrocarburos\u00a0<a href=\"https:\/\/pulsoenergetico.org\/todosobreregulacionhidrocarburos\/\">https:\/\/pulsoenergetico.org\/todosobreregulacionhidrocarburos\/<\/a><\/li>\n<\/ul>\n<p>[\/vc_column_text][\/vc_accordion_tab][\/vc_accordion][\/vc_column][\/vc_row][vc_row css_animation=&#8221;&#8221; row_type=&#8221;row&#8221; use_row_as_full_screen_section=&#8221;no&#8221; type=&#8221;full_width&#8221; angled_section=&#8221;no&#8221; text_align=&#8221;left&#8221; background_image_as_pattern=&#8221;without_pattern&#8221; z_index=&#8221;&#8221; el_class=&#8221;alto-completo&#8221;][vc_column width=&#8221;1\/3&#8243; css=&#8221;.vc_custom_1686333291688{padding-top: 100px !important;padding-right: 10% !important;padding-bottom: 100px !important;padding-left: 10% !important;background-color: #285c4d !important;}&#8221;][vc_column_text]<\/p>\n<h4 style=\"text-align: right;\"><span style=\"color: #fff;\">Sostenibilidad y Seguridad Industrial<br \/>\n<\/span><\/h4>\n<p>[\/vc_column_text][vc_column_text]<\/p>\n<h2 style=\"text-align: right;\"><span style=\"color: #ffffff;\">Seguridad Industrial <\/span><\/h2>\n<p style=\"text-align: right; color: #ffffff;\">Las pol\u00edticas y protocolos de seguridad laboral est\u00e1n dentro de las m\u00e1s altas prioridades en la industria de hidrocarburos. Este sector, adem\u00e1s, es conocido por ser l\u00edder en la investigaci\u00f3n, innovaci\u00f3n e implementaci\u00f3n de nuevas pr\u00e1cticas de seguridad.<\/p>\n<p>[\/vc_column_text][\/vc_column][vc_column width=&#8221;1\/3&#8243; css=&#8221;.vc_custom_1690069746146{background-image: url(https:\/\/www.amexhi.org\/wp-content\/uploads\/2023\/06\/sostenibilidad-operaciones-sostenibles.jpg?id=11502) !important;background-position: center !important;background-repeat: no-repeat !important;background-size: cover !important;}&#8221; el_class=&#8221;img_mid&#8221;][\/vc_column][vc_column width=&#8221;1\/3&#8243; css=&#8221;.vc_custom_1685915934074{padding-top: 100px !important;padding-right: 10% !important;padding-bottom: 60px !important;padding-left: 10% !important;}&#8221;][vc_column_text]Con frecuencia, las pr\u00e1cticas de la industria de hidrocarburos se transforman en est\u00e1ndares globales de otras industrias ya que son eficaces para prevenir y atender incidentes, adem\u00e1s de que consideran altos niveles de rigurosidad en su aplicaci\u00f3n.<\/p>\n<p>Las pol\u00edticas que aplica la industria est\u00e1n en constante revisi\u00f3n y actualizaci\u00f3n para hacerlos m\u00e1s rigurosos y eficientes para prevenir y atender incidentes y accidentes.[\/vc_column_text][\/vc_column][\/vc_row][vc_row css_animation=&#8221;&#8221; row_type=&#8221;row&#8221; use_row_as_full_screen_section=&#8221;no&#8221; type=&#8221;full_width&#8221; angled_section=&#8221;no&#8221; text_align=&#8221;left&#8221; background_image_as_pattern=&#8221;without_pattern&#8221; z_index=&#8221;&#8221; el_class=&#8221;alto-completo&#8221;][vc_column width=&#8221;1\/3&#8243; css=&#8221;.vc_custom_1686336427401{padding-top: 40px !important;padding-right: 10% !important;padding-bottom: 40px !important;padding-left: 10% !important;background-color: #427063 !important;}&#8221;][vc_empty_space height=&#8221;100px&#8221;][\/vc_column][vc_column width=&#8221;2\/3&#8243; css=&#8221;.vc_custom_1690069063019{padding-top: 40px !important;padding-right: 5% !important;padding-bottom: 40px !important;padding-left: 5% !important;background-position: center !important;background-repeat: no-repeat !important;background-size: cover !important;}&#8221; el_class=&#8221;colapsable01 titulo_largo color04&#8243;][vc_accordion active_tab=&#8221;&#8221; style=&#8221;toggle&#8221;][vc_accordion_tab title=&#8221;Pr\u00e1cticas de la Industria&#8221; title_color=&#8221;#ffffff&#8221;][vc_column_text]Las empresas \u2012en conjunto con autoridades y reguladores locales, as\u00ed como instituciones cient\u00edficas internacionales y otras asociaciones gremiales\u2012 trabajan en distintos mecanismos como:<\/p>\n<ul style=\"margin-bottom: 20px;\">\n<li>Dise\u00f1an nuevas pol\u00edticas de prevenci\u00f3n de riesgos a trav\u00e9s del monitoreo y an\u00e1lisis de riesgo as\u00ed como atendiendo la experiencia de sus trabajadores y atendiendo regulaci\u00f3n local. Estas pol\u00edticas se aplican en toda la cadena de operaci\u00f3n de las empresas \u2012desde el corporativo hasta el trabajo en campo\u2012 y son obligatorios tanto para directivos como personal de reci\u00e9n ingreso. Incluso pueden ser de aplicaci\u00f3n obligatoria para los subcontratistas<\/li>\n<li>Invierten en investigaci\u00f3n y desarrollo de nuevas tecnolog\u00edas y pr\u00e1cticas de seguridad. Esto tambi\u00e9n incluye prever posibles escenarios de riesgo y evitar que sucedan.<\/li>\n<li>Aplican medidas para obtener certificaciones nacionales e internacionales en seguridad operativa.<\/li>\n<li>Comparten experiencias a partir de eventos registrados en la industria para evitar que sucedan de nuevo. Este intercambio de experiencias puede incluir las mejores pr\u00e1cticas que organismos como IOGP y API a nivel global han definido para la industria.<\/li>\n<li>Las pol\u00edticas de seguridad son particularmente cambiantes hacia est\u00e1ndares cada vez m\u00e1s rigurosos y se adaptan conforme la industria se mueve a nuevas fronteras tecnol\u00f3gicas que requieren de adaptar y mejorar las pr\u00e1cticas ya generadas.<\/li>\n<\/ul>\n<p>En M\u00e9xico las pol\u00edticas de seguridad y salud en el trabajo son vigiladas por la Agencia de Seguridad, Energ\u00eda y Ambiente, desde el lado industrial, y por la Secretar\u00eda del Trabajo y Previsi\u00f3n Social por el lado de ambiente laboral y equipo de protecci\u00f3n. Ambas instituciones cuentan con un grupo de inspectores que supervisan la aplicaci\u00f3n de las medidas correctas y en cumplimiento con la Ley y, adem\u00e1s, cuenta con un marco legal robusto de normas que aplican a la industria. Adicionalmente, la Agencia de Seguridad, Energ\u00eda y Ambiente, as\u00ed como instituciones como la Secretar\u00eda de Marina y Protecci\u00f3n Civil, cuentan con protocolos para atender emergencias que se den en la industria de hidrocarburos.[\/vc_column_text][\/vc_accordion_tab][\/vc_accordion][\/vc_column][\/vc_row][vc_row css_animation=&#8221;&#8221; row_type=&#8221;row&#8221; use_row_as_full_screen_section=&#8221;no&#8221; type=&#8221;full_width&#8221; angled_section=&#8221;no&#8221; text_align=&#8221;left&#8221; background_image_as_pattern=&#8221;without_pattern&#8221; z_index=&#8221;&#8221; el_class=&#8221;alto-completo&#8221;][vc_column width=&#8221;1\/3&#8243; css=&#8221;.vc_custom_1686336427401{padding-top: 40px !important;padding-right: 10% !important;padding-bottom: 40px !important;padding-left: 10% !important;background-color: #427063 !important;}&#8221;][vc_empty_space height=&#8221;100px&#8221;][\/vc_column][vc_column width=&#8221;2\/3&#8243; css=&#8221;.vc_custom_1690069072817{padding-top: 40px !important;padding-right: 5% !important;padding-bottom: 40px !important;padding-left: 5% !important;background-position: center !important;background-repeat: no-repeat !important;background-size: cover !important;}&#8221; el_class=&#8221;colapsable01 titulo_largo bg_02 color04&#8243;][vc_accordion active_tab=&#8221;&#8221; style=&#8221;toggle&#8221;][vc_accordion_tab title=&#8221;Recursos&#8221; title_color=&#8221;#ffffff&#8221;][vc_column_text]<\/p>\n<ul>\n<li>Secretar\u00eda del Trabajo y Previsi\u00f3n Social https:\/\/www.gob.mx\/stps\/ y https:\/\/trabajoseguro.stps.gob.mx\/bol086\/vinculos\/notas_6.html<\/li>\n<li>Agencia de Seguridad, Energ\u00eda y Ambiente https:\/\/www.gob.mx\/asea\/<\/li>\n<li>Secretar\u00eda de Marina https:\/\/www.gob.mx\/semar<\/li>\n<li>Otros recursos bibliogr\u00e1ficos los puedes encontrar aqu\u00ed:<\/li>\n<li>Marco normativo de Seguridad y Salud en el Trabajo en M\u00e9xico https:\/\/es.linkedin.com\/pulse\/marco-normativo-de-seguridad-y-salud-en-<\/li>\n<li>Why Is the Health and Safety Officer Role Essential in the Oil and Gas Industry? https:\/\/jpt.spe.org\/column-why-health-and-safety-officer-role-essential-oil-and-gas-industry<\/li>\n<li>Safety Hazards Associated with Oil and Gas Extraction Activities https:\/\/www.osha.gov\/oil-and-gas-extraction\/hazards<\/li>\n<\/ul>\n<p>[\/vc_column_text][\/vc_accordion_tab][\/vc_accordion][\/vc_column][\/vc_row][vc_row css_animation=&#8221;&#8221; row_type=&#8221;row&#8221; use_row_as_full_screen_section=&#8221;no&#8221; type=&#8221;full_width&#8221; angled_section=&#8221;no&#8221; text_align=&#8221;left&#8221; background_image_as_pattern=&#8221;without_pattern&#8221; z_index=&#8221;&#8221; el_class=&#8221;alto-completo&#8221;][vc_column width=&#8221;1\/4&#8243; css=&#8221;.vc_custom_1686349185448{padding-top: 100px !important;padding-right: 10% !important;padding-bottom: 60px !important;padding-left: 10% !important;background-color: #efb322 !important;}&#8221;][vc_column_text]<\/p>\n<h4 style=\"text-align: right;\"><span style=\"color: #ffff;\">Sostenibilidad y Seguridad Industrial<\/span><\/h4>\n<p>[\/vc_column_text][vc_column_text]<\/p>\n<h2 style=\"text-align: right;\"><span style=\"color: #ffffff;\">Alianzas estrat\u00e9gicas de AMEXHI <\/span><\/h2>\n<p>[\/vc_column_text][vc_column_text]<\/p>\n<p style=\"text-align: right;\"><span style=\"color: #ffffff;\">AMEXHI ha formado alianzas estrat\u00e9gicas con organismos internacionales para avanzar en la consecuci\u00f3n de las metas de desarrollo sostenible y seguridad en las operaciones de la industria. <\/span><\/p>\n<p>[\/vc_column_text][\/vc_column][vc_column width=&#8221;1\/4&#8243;][vc_single_image image=&#8221;11212&#8243; img_size=&#8221;600&#215;600&#8243; alignment=&#8221;center&#8221; onclick=&#8221;custom_link&#8221; img_link_target=&#8221;_blank&#8221; qode_css_animation=&#8221;&#8221; qode_hover_animation=&#8221;zoom_in&#8221; link=&#8221;https:\/\/www.ipieca.org\/&#8221;][\/vc_column][vc_column width=&#8221;1\/4&#8243; css=&#8221;.vc_custom_1685915934074{padding-top: 100px !important;padding-right: 10% !important;padding-bottom: 60px !important;padding-left: 10% !important;}&#8221;][vc_single_image image=&#8221;11210&#8243; img_size=&#8221;600&#215;600&#8243; alignment=&#8221;center&#8221; onclick=&#8221;custom_link&#8221; img_link_target=&#8221;_blank&#8221; qode_css_animation=&#8221;&#8221; qode_hover_animation=&#8221;zoom_in&#8221; link=&#8221;https:\/\/www.iogp.org\/&#8221;][\/vc_column][vc_column width=&#8221;1\/4&#8243;][vc_single_image image=&#8221;11218&#8243; img_size=&#8221;600&#215;600&#8243; alignment=&#8221;center&#8221; onclick=&#8221;custom_link&#8221; img_link_target=&#8221;_blank&#8221; qode_css_animation=&#8221;&#8221; qode_hover_animation=&#8221;zoom_in&#8221; link=&#8221;https:\/\/www.api.org\/&#8221;][\/vc_column][\/vc_row][vc_row css_animation=&#8221;&#8221; row_type=&#8221;row&#8221; use_row_as_full_screen_section=&#8221;no&#8221; type=&#8221;full_width&#8221; angled_section=&#8221;no&#8221; text_align=&#8221;left&#8221; background_image_as_pattern=&#8221;without_pattern&#8221; z_index=&#8221;&#8221; background_color=&#8221;#fafafa&#8221;][vc_column][vc_empty_space height=&#8221;30px&#8221;][\/vc_column][\/vc_row]<\/p>\n<\/section>","protected":false},"excerpt":{"rendered":"<p>[vc_row css_animation=&#8221;&#8221; row_type=&#8221;row&#8221; use_row_as_full_screen_section=&#8221;no&#8221; type=&#8221;full_width&#8221; angled_section=&#8221;no&#8221; text_align=&#8221;left&#8221; background_image_as_pattern=&#8221;without_pattern&#8221; z_index=&#8221;&#8221; el_class=&#8221;alto-completo&#8221;][vc_column width=&#8221;1\/3&#8243; css=&#8221;.vc_custom_1686238725665{padding-top: 100px !important;padding-right: 10% !important;padding-bottom: 100px !important;padding-left: 10% !important;background-color: #dc572a !important;}&#8221;][vc_column_text] Sostenibilidad y Seguridad Industrial [\/vc_column_text][vc_column_text] Operaciones Sostenibles Al ser un motor de la econom\u00eda global y local de M\u00e9xico, las empresas del sector&#8230;<\/p>\n","protected":false},"author":9,"featured_media":0,"parent":3989,"menu_order":0,"comment_status":"closed","ping_status":"closed","template":"full_width.php","meta":{"_seopress_robots_primary_cat":"","footnotes":""},"class_list":["post-10947","page","type-page","status-publish","hentry"],"_links":{"self":[{"href":"https:\/\/www.amexhi.org\/en\/wp-json\/wp\/v2\/pages\/10947","targetHints":{"allow":["GET"]}}],"collection":[{"href":"https:\/\/www.amexhi.org\/en\/wp-json\/wp\/v2\/pages"}],"about":[{"href":"https:\/\/www.amexhi.org\/en\/wp-json\/wp\/v2\/types\/page"}],"author":[{"embeddable":true,"href":"https:\/\/www.amexhi.org\/en\/wp-json\/wp\/v2\/users\/9"}],"replies":[{"embeddable":true,"href":"https:\/\/www.amexhi.org\/en\/wp-json\/wp\/v2\/comments?post=10947"}],"version-history":[{"count":17,"href":"https:\/\/www.amexhi.org\/en\/wp-json\/wp\/v2\/pages\/10947\/revisions"}],"predecessor-version":[{"id":11937,"href":"https:\/\/www.amexhi.org\/en\/wp-json\/wp\/v2\/pages\/10947\/revisions\/11937"}],"up":[{"embeddable":true,"href":"https:\/\/www.amexhi.org\/en\/wp-json\/wp\/v2\/pages\/3989"}],"wp:attachment":[{"href":"https:\/\/www.amexhi.org\/en\/wp-json\/wp\/v2\/media?parent=10947"}],"curies":[{"name":"wp","href":"https:\/\/api.w.org\/{rel}","templated":true}]}}