{"id":10945,"date":"2023-03-12T20:49:59","date_gmt":"2023-03-13T02:49:59","guid":{"rendered":"https:\/\/www.amexhi.org\/regulacion\/"},"modified":"2023-07-26T11:04:29","modified_gmt":"2023-07-26T16:04:29","slug":"regulation","status":"publish","type":"page","link":"https:\/\/www.amexhi.org\/en\/our-industry\/regulation\/","title":{"rendered":"Regulation"},"content":{"rendered":"<section class=\"wpb-content-wrapper\"><p>[vc_row css_animation=&#8221;&#8221; row_type=&#8221;row&#8221; use_row_as_full_screen_section=&#8221;no&#8221; type=&#8221;full_width&#8221; angled_section=&#8221;no&#8221; text_align=&#8221;left&#8221; background_image_as_pattern=&#8221;without_pattern&#8221; z_index=&#8221;&#8221; el_class=&#8221;alto-completo&#8221;][vc_column width=&#8221;1\/3&#8243; css=&#8221;.vc_custom_1689020904346{padding-top: 100px !important;padding-right: 10% !important;padding-bottom: 100px !important;padding-left: 10% !important;background-color: #d93d8e !important;}&#8221;][vc_column_text]<\/p>\n<h4 style=\"text-align: right;\"><span style=\"color: #fff;\">Regulaci\u00f3n<\/span><\/h4>\n<p>[\/vc_column_text][vc_column_text]<\/p>\n<h2 style=\"text-align: right;\"><span style=\"color: #ffffff;\">Mapa Regulatorio<\/span><\/h2>\n<p style=\"text-align: right; color: #ffffff;\">Aqu\u00ed puedes encontrar las principales regulaciones relativas a la industria de exploraci\u00f3n y extracci\u00f3n de hidrocarburos, entre las que se encuentran Leyes, Reglamentos, Lineamientos, Disposiciones Administrativas, Normas, etc.<\/p>\n<p>[\/vc_column_text][\/vc_column][vc_column width=&#8221;1\/3&#8243; css=&#8221;.vc_custom_1690070065743{background-image: url(https:\/\/www.amexhi.org\/wp-content\/uploads\/2023\/07\/mapa-regulatorio.jpg?id=11636) !important;background-position: center !important;background-repeat: no-repeat !important;background-size: cover !important;}&#8221; el_class=&#8221;img_mid&#8221;][\/vc_column][vc_column width=&#8221;1\/3&#8243; css=&#8221;.vc_custom_1687202974064{padding-top: 180px !important;padding-right: 10% !important;padding-bottom: 60px !important;padding-left: 10% !important;}&#8221;][vc_column_text]Esta es la secci\u00f3n de Mapa Regulatorio que contiene diversas herramientas para la b\u00fasqueda de la regulaci\u00f3n en hidrocarburos, puedes acceder al buscador en la parte superior o ingresar a las diferentes opciones del men\u00fa las cuales se describen a continuaci\u00f3n:[\/vc_column_text][\/vc_column][\/vc_row][vc_row css_animation=&#8221;&#8221; row_type=&#8221;row&#8221; use_row_as_full_screen_section=&#8221;no&#8221; type=&#8221;full_width&#8221; angled_section=&#8221;no&#8221; text_align=&#8221;left&#8221; background_image_as_pattern=&#8221;without_pattern&#8221; z_index=&#8221;&#8221; el_class=&#8221;alto-completo&#8221;][vc_column width=&#8221;1\/3&#8243; css=&#8221;.vc_custom_1689021276451{padding-top: 40px !important;padding-right: 10% !important;padding-bottom: 40px !important;padding-left: 10% !important;background-color: #e85c9f !important;}&#8221;][vc_empty_space height=&#8221;100px&#8221;][\/vc_column][vc_column width=&#8221;2\/3&#8243; css=&#8221;.vc_custom_1689021330584{padding-top: 40px !important;padding-right: 5% !important;padding-bottom: 40px !important;padding-left: 5% !important;background-position: center !important;background-repeat: no-repeat !important;background-size: cover !important;}&#8221; el_class=&#8221;colapsable01 titulo_largo bg_04&#8243;][vc_accordion active_tab=&#8221;&#8221; style=&#8221;toggle&#8221;][vc_accordion_tab title=&#8221;Dependencias reguladoras&#8221; title_color=&#8221;#ffffff&#8221;][vc_column_text]Aqu\u00ed podr\u00e1s encontrar un listado de las principales dependencias de la Administraci\u00f3n P\u00fablica Federal con atribuciones en materia de exploraci\u00f3n y extracci\u00f3n de hidrocarburos.)<\/p>\n<p><a href=\"https:\/\/pulsoenergetico.org\/todosobreregulacionhidrocarburos\/MapaRegulatorio.php?mop=deps\" target=\"_blank\" rel=\"noopener\">Ver Dependencias<\/a>[\/vc_column_text][\/vc_accordion_tab][\/vc_accordion][\/vc_column][\/vc_row][vc_row css_animation=&#8221;&#8221; row_type=&#8221;row&#8221; use_row_as_full_screen_section=&#8221;no&#8221; type=&#8221;full_width&#8221; angled_section=&#8221;no&#8221; text_align=&#8221;left&#8221; background_image_as_pattern=&#8221;without_pattern&#8221; z_index=&#8221;&#8221; el_class=&#8221;alto-completo&#8221;][vc_column width=&#8221;1\/3&#8243; css=&#8221;.vc_custom_1689021522496{padding-top: 40px !important;padding-right: 10% !important;padding-bottom: 40px !important;padding-left: 10% !important;background-color: #e85c9f !important;}&#8221;][vc_empty_space height=&#8221;100px&#8221;][\/vc_column][vc_column width=&#8221;2\/3&#8243; css=&#8221;.vc_custom_1689021547975{padding-top: 40px !important;padding-right: 5% !important;padding-bottom: 40px !important;padding-left: 5% !important;background-position: center !important;background-repeat: no-repeat !important;background-size: cover !important;}&#8221; el_class=&#8221;colapsable01 titulo_largo bg_04&#8243;][vc_accordion active_tab=&#8221;&#8221; style=&#8221;toggle&#8221;][vc_accordion_tab title=&#8221;Regulaciones por dependencias +&#8221; title_color=&#8221;#ffffff&#8221;][vc_column_text]En esta secci\u00f3n se encuentra un listado de las principales regulaciones emitidas por las principales dependencias de la Administraci\u00f3n P\u00fablica Federal.<\/p>\n<p><a href=\"https:\/\/pulsoenergetico.org\/todosobreregulacionhidrocarburos\/MapaRegulatorio.php?mop=regxdep\" target=\"_blank\" rel=\"noopener\">Ver Mapa Regulatorio<\/a>[\/vc_column_text][\/vc_accordion_tab][\/vc_accordion][\/vc_column][\/vc_row][vc_row css_animation=&#8221;&#8221; row_type=&#8221;row&#8221; use_row_as_full_screen_section=&#8221;no&#8221; type=&#8221;full_width&#8221; angled_section=&#8221;no&#8221; text_align=&#8221;left&#8221; background_image_as_pattern=&#8221;without_pattern&#8221; z_index=&#8221;&#8221; el_class=&#8221;alto-completo&#8221;][vc_column width=&#8221;1\/3&#8243; css=&#8221;.vc_custom_1689025504491{padding-top: 40px !important;padding-right: 10% !important;padding-bottom: 40px !important;padding-left: 10% !important;background-color: #e85c9f !important;}&#8221;][vc_empty_space height=&#8221;100px&#8221;][\/vc_column][vc_column width=&#8221;2\/3&#8243; css=&#8221;.vc_custom_1689025528497{padding-top: 40px !important;padding-right: 5% !important;padding-bottom: 40px !important;padding-left: 5% !important;background-position: center !important;background-repeat: no-repeat !important;background-size: cover !important;}&#8221; el_class=&#8221;colapsable01 titulo_largo bg_04&#8243;][vc_accordion active_tab=&#8221;&#8221; style=&#8221;toggle&#8221;][vc_accordion_tab title=&#8221;Normas +&#8221; title_color=&#8221;#ffffff&#8221;][vc_column_text]Aqu\u00ed encontrar\u00e1s un listado de las principales Normas Oficiales Mexicanas y Normas Mexicanas aplicables en la industria.<\/p>\n<p><a href=\"https:\/\/pulsoenergetico.org\/todosobreregulacionhidrocarburos\/MapaRegulatorio.php?mop=norma\" target=\"_blank\" rel=\"noopener\">Ver Normatividad<\/a>[\/vc_column_text][\/vc_accordion_tab][\/vc_accordion][\/vc_column][\/vc_row][vc_row css_animation=&#8221;&#8221; row_type=&#8221;row&#8221; use_row_as_full_screen_section=&#8221;no&#8221; type=&#8221;full_width&#8221; angled_section=&#8221;no&#8221; text_align=&#8221;left&#8221; background_image_as_pattern=&#8221;without_pattern&#8221; z_index=&#8221;&#8221; el_class=&#8221;alto-completo&#8221;][vc_column width=&#8221;1\/3&#8243; css=&#8221;.vc_custom_1687204491889{padding-top: 130px !important;padding-right: 10% !important;padding-bottom: 100px !important;padding-left: 10% !important;background-color: #00b3c4 !important;}&#8221;][vc_column_text]<\/p>\n<h4 style=\"text-align: right;\"><span style=\"color: #fff;\">Regulaci\u00f3n<\/span><\/h4>\n<p>[\/vc_column_text][vc_column_text]<\/p>\n<h2 style=\"text-align: right;\"><span style=\"color: #ffffff;\">Tr\u00e1mites y plazos<\/span><\/h2>\n<p style=\"text-align: right; color: #ffffff;\">Aqu\u00ed encontrar\u00e1s un listado de los principales tr\u00e1mites que deben de cumplir los regulados del sector.<\/p>\n<p>[\/vc_column_text][\/vc_column][vc_column width=&#8221;1\/3&#8243; css=&#8221;.vc_custom_1690070074574{background-image: url(https:\/\/www.amexhi.org\/wp-content\/uploads\/2023\/07\/tramites-y-plazos.jpg?id=11638) !important;background-position: center !important;background-repeat: no-repeat !important;background-size: cover !important;}&#8221; el_class=&#8221;img_mid&#8221;][\/vc_column][vc_column width=&#8221;1\/3&#8243; css=&#8221;.vc_custom_1689031432838{padding-top: 180px !important;padding-right: 10% !important;padding-bottom: 60px !important;padding-left: 10% !important;}&#8221;][vc_column_text]En esta secci\u00f3n tienes dos herramientas para visualizar la informaci\u00f3n de tr\u00e1mites relacionados a la regulaci\u00f3n de hidrocarburos en formato de calendario y lista din\u00e1mica.[\/vc_column_text][\/vc_column][\/vc_row][vc_row css_animation=&#8221;&#8221; row_type=&#8221;row&#8221; use_row_as_full_screen_section=&#8221;no&#8221; type=&#8221;full_width&#8221; angled_section=&#8221;no&#8221; text_align=&#8221;left&#8221; background_image_as_pattern=&#8221;without_pattern&#8221; z_index=&#8221;&#8221; el_class=&#8221;alto-completo&#8221;][vc_column width=&#8221;1\/3&#8243; css=&#8221;.vc_custom_1687204530535{padding-top: 40px !important;padding-right: 10% !important;padding-bottom: 40px !important;padding-left: 10% !important;background-color: #07cae6 !important;}&#8221;][vc_empty_space height=&#8221;100px&#8221;][\/vc_column][vc_column width=&#8221;2\/3&#8243; css=&#8221;.vc_custom_1687204154945{padding-top: 40px !important;padding-right: 5% !important;padding-bottom: 40px !important;padding-left: 5% !important;background-position: center !important;background-repeat: no-repeat !important;background-size: cover !important;}&#8221; el_class=&#8221;colapsable01 titulo_largo bg_03&#8243;][vc_accordion active_tab=&#8221;&#8221; style=&#8221;toggle&#8221;][vc_accordion_tab title=&#8221;Calendario&#8221; title_color=&#8221;#ffffff&#8221;][vc_column_text]Visualiza el calendario de tr\u00e1mites que tienen que realizarse por trimestre.<\/p>\n<p><a href=\"https:\/\/pulsoenergetico.org\/todosobreregulacionhidrocarburos\/Tramites.php?mop=calendario\" target=\"_blank\" rel=\"noopener\">Ver Calendario<\/a><\/p>\n<p>Visualiza los diferentes tr\u00e1mites mediante una lista din\u00e1mica.<\/p>\n<p><a href=\"https:\/\/pulsoenergetico.org\/todosobreregulacionhidrocarburos\/Tramites.php?mop=listad\" target=\"_blank\" rel=\"noopener\">Ver Lista Din\u00e1mica<\/a>[\/vc_column_text][\/vc_accordion_tab][\/vc_accordion][\/vc_column][\/vc_row][vc_row css_animation=&#8221;&#8221; row_type=&#8221;row&#8221; use_row_as_full_screen_section=&#8221;no&#8221; type=&#8221;full_width&#8221; angled_section=&#8221;no&#8221; text_align=&#8221;left&#8221; background_image_as_pattern=&#8221;without_pattern&#8221; z_index=&#8221;&#8221; el_class=&#8221;alto-completo&#8221;][vc_column width=&#8221;1\/3&#8243; css=&#8221;.vc_custom_1689030580241{padding-top: 100px !important;padding-right: 10% !important;padding-bottom: 100px !important;padding-left: 10% !important;background-color: #285c4d !important;}&#8221;][vc_column_text]<\/p>\n<h4 style=\"text-align: right;\"><span style=\"color: #fff;\">Regulaci\u00f3n<\/span><\/h4>\n<p>[\/vc_column_text][vc_column_text]<\/p>\n<h2 style=\"text-align: right;\"><span style=\"color: #ffffff;\">Glosario<\/span><\/h2>\n<p style=\"text-align: right; color: #ffffff;\">Incluye las definiciones y t\u00e9rminos contenidos en las principales regulaciones.<\/p>\n<p>[\/vc_column_text][\/vc_column][vc_column width=&#8221;1\/3&#8243; css=&#8221;.vc_custom_1690070083995{background-image: url(https:\/\/www.amexhi.org\/wp-content\/uploads\/2023\/07\/glosario.jpg?id=11641) !important;background-position: center !important;background-repeat: no-repeat !important;background-size: cover !important;}&#8221; el_class=&#8221;img_mid&#8221;][\/vc_column][vc_column width=&#8221;1\/3&#8243; css=&#8221;.vc_custom_1689031351852{padding-top: 140px !important;padding-right: 10% !important;padding-bottom: 60px !important;padding-left: 10% !important;}&#8221;][vc_column_text]En esta secci\u00f3n puedes encontrar las definiciones de los t\u00e9rminos contenidos en las regulaciones: por orden alfab\u00e9tico, por regulaci\u00f3n o escribiendo palabras clave en el campo de b\u00fasqueda dentro de TODO sobre regulaci\u00f3n de hidrocarburos.[\/vc_column_text][\/vc_column][\/vc_row][vc_row css_animation=&#8221;&#8221; row_type=&#8221;row&#8221; use_row_as_full_screen_section=&#8221;no&#8221; type=&#8221;full_width&#8221; angled_section=&#8221;no&#8221; text_align=&#8221;left&#8221; background_image_as_pattern=&#8221;without_pattern&#8221; z_index=&#8221;&#8221; el_class=&#8221;alto-completo&#8221;][vc_column width=&#8221;1\/3&#8243; css=&#8221;.vc_custom_1689030911875{padding-top: 40px !important;padding-right: 10% !important;padding-bottom: 40px !important;padding-left: 10% !important;background-color: #427063 !important;}&#8221;][vc_empty_space height=&#8221;100px&#8221;][\/vc_column][vc_column width=&#8221;2\/3&#8243; css=&#8221;.vc_custom_1689030933458{padding-top: 40px !important;padding-right: 5% !important;padding-bottom: 40px !important;padding-left: 5% !important;background-position: center !important;background-repeat: no-repeat !important;background-size: cover !important;}&#8221; el_class=&#8221;colapsable01 titulo_largo&#8221;][vc_accordion active_tab=&#8221;&#8221; style=&#8221;toggle&#8221;][vc_accordion_tab title=&#8221;Por orden Alfab\u00e9tico&#8221; title_color=&#8221;#ffffff&#8221;][vc_column_text]<a href=\"https:\/\/pulsoenergetico.org\/todosobreregulacionhidrocarburos\/GlosarioTerminos.php?mop=abc\" target=\"_blank\" rel=\"noopener\"><strong>B\u00fasqueda por orden alfab\u00e9tico<\/strong><\/a>[\/vc_column_text][\/vc_accordion_tab][\/vc_accordion][\/vc_column][\/vc_row][vc_row css_animation=&#8221;&#8221; row_type=&#8221;row&#8221; use_row_as_full_screen_section=&#8221;no&#8221; type=&#8221;full_width&#8221; angled_section=&#8221;no&#8221; text_align=&#8221;left&#8221; background_image_as_pattern=&#8221;without_pattern&#8221; z_index=&#8221;&#8221; el_class=&#8221;alto-completo&#8221;][vc_column width=&#8221;1\/3&#8243; css=&#8221;.vc_custom_1689031040967{padding-top: 40px !important;padding-right: 10% !important;padding-bottom: 40px !important;padding-left: 10% !important;background-color: #427063 !important;}&#8221;][vc_empty_space height=&#8221;100px&#8221;][\/vc_column][vc_column width=&#8221;2\/3&#8243; css=&#8221;.vc_custom_1689031377672{padding-top: 40px !important;padding-right: 5% !important;padding-bottom: 40px !important;padding-left: 5% !important;background-position: center !important;background-repeat: no-repeat !important;background-size: cover !important;}&#8221; el_class=&#8221;colapsable01 titulo_largo&#8221;][vc_accordion active_tab=&#8221;&#8221; style=&#8221;toggle&#8221;][vc_accordion_tab title=&#8221;Por Regulaci\u00f3n&#8221; title_color=&#8221;#ffffff&#8221;][vc_column_text]<a href=\"https:\/\/pulsoenergetico.org\/todosobreregulacionhidrocarburos\/GlosarioTerminos.php?mop=regxconcepto\" target=\"_blank\" rel=\"noopener\"><strong>B\u00fasqueda por regulaci\u00f3n<\/strong><\/a>[\/vc_column_text][\/vc_accordion_tab][\/vc_accordion][\/vc_column][\/vc_row][vc_row css_animation=&#8221;&#8221; row_type=&#8221;row&#8221; use_row_as_full_screen_section=&#8221;no&#8221; type=&#8221;full_width&#8221; angled_section=&#8221;no&#8221; text_align=&#8221;left&#8221; background_image_as_pattern=&#8221;without_pattern&#8221; z_index=&#8221;&#8221; background_color=&#8221;#fafafa&#8221;][vc_column][vc_empty_space height=&#8221;30px&#8221;][\/vc_column][\/vc_row]<\/p>\n<\/section>","protected":false},"excerpt":{"rendered":"<p>[vc_row css_animation=&#8221;&#8221; row_type=&#8221;row&#8221; use_row_as_full_screen_section=&#8221;no&#8221; type=&#8221;full_width&#8221; angled_section=&#8221;no&#8221; text_align=&#8221;left&#8221; background_image_as_pattern=&#8221;without_pattern&#8221; z_index=&#8221;&#8221; el_class=&#8221;alto-completo&#8221;][vc_column width=&#8221;1\/3&#8243; css=&#8221;.vc_custom_1689020904346{padding-top: 100px !important;padding-right: 10% !important;padding-bottom: 100px !important;padding-left: 10% !important;background-color: #d93d8e !important;}&#8221;][vc_column_text] Regulaci\u00f3n [\/vc_column_text][vc_column_text] Mapa Regulatorio Aqu\u00ed puedes encontrar las principales regulaciones relativas a la industria de exploraci\u00f3n y extracci\u00f3n de hidrocarburos, entre las que&#8230;<\/p>\n","protected":false},"author":7,"featured_media":0,"parent":3989,"menu_order":0,"comment_status":"closed","ping_status":"closed","template":"full_width.php","meta":{"_seopress_robots_primary_cat":"","footnotes":""},"class_list":["post-10945","page","type-page","status-publish","hentry"],"_links":{"self":[{"href":"https:\/\/www.amexhi.org\/en\/wp-json\/wp\/v2\/pages\/10945","targetHints":{"allow":["GET"]}}],"collection":[{"href":"https:\/\/www.amexhi.org\/en\/wp-json\/wp\/v2\/pages"}],"about":[{"href":"https:\/\/www.amexhi.org\/en\/wp-json\/wp\/v2\/types\/page"}],"author":[{"embeddable":true,"href":"https:\/\/www.amexhi.org\/en\/wp-json\/wp\/v2\/users\/7"}],"replies":[{"embeddable":true,"href":"https:\/\/www.amexhi.org\/en\/wp-json\/wp\/v2\/comments?post=10945"}],"version-history":[{"count":3,"href":"https:\/\/www.amexhi.org\/en\/wp-json\/wp\/v2\/pages\/10945\/revisions"}],"predecessor-version":[{"id":11936,"href":"https:\/\/www.amexhi.org\/en\/wp-json\/wp\/v2\/pages\/10945\/revisions\/11936"}],"up":[{"embeddable":true,"href":"https:\/\/www.amexhi.org\/en\/wp-json\/wp\/v2\/pages\/3989"}],"wp:attachment":[{"href":"https:\/\/www.amexhi.org\/en\/wp-json\/wp\/v2\/media?parent=10945"}],"curies":[{"name":"wp","href":"https:\/\/api.w.org\/{rel}","templated":true}]}}