{"id":10930,"date":"2023-04-04T20:15:11","date_gmt":"2023-04-05T01:15:11","guid":{"rendered":"https:\/\/www.amexhi.org\/?page_id=10930"},"modified":"2023-08-10T11:27:50","modified_gmt":"2023-08-10T16:27:50","slug":"suppliers","status":"publish","type":"page","link":"https:\/\/www.amexhi.org\/en\/suppliers\/","title":{"rendered":"Suppliers"},"content":{"rendered":"<section class=\"wpb-content-wrapper\"><p>[vc_row css_animation=&#8221;&#8221; row_type=&#8221;row&#8221; use_row_as_full_screen_section=&#8221;no&#8221; type=&#8221;grid&#8221; angled_section=&#8221;no&#8221; text_align=&#8221;left&#8221; background_image_as_pattern=&#8221;without_pattern&#8221; padding_top=&#8221;50&#8243; padding_bottom=&#8221;50&#8243;][vc_column width=&#8221;1\/3&#8243;][vc_widget_sidebar sidebar_id=&#8221;sidebar&#8221; el_class=&#8221;.sidebar&#8221;][\/vc_column][vc_column width=&#8221;2\/3&#8243; offset=&#8221;vc_hidden-lg vc_hidden-md vc_hidden-sm vc_hidden-xs&#8221;]\n                <div class='gf_browser_gecko gform_wrapper' id='gform_wrapper_2' ><form method='post' enctype='multipart\/form-data'  id='gform_2'  action='\/en\/wp-json\/wp\/v2\/pages\/10930'> \r\n <input type='hidden' class='gforms-pum' value='{\"closepopup\":false,\"closedelay\":0,\"openpopup\":false,\"openpopup_id\":0}' \/>\n                        <div class='gform_body'><ul id='gform_fields_2' class='gform_fields top_label form_sublabel_below description_below'><li id='field_2_12' class='gfield gsection field_sublabel_below field_description_below' ><h2 class='gsection_title'>Informaci\u00f3n de Contacto<\/h2><\/li><li id='field_2_1' class='gfield gfield_contains_required field_sublabel_below field_description_below' ><label class='gfield_label' for='input_2_1' >Nombre de la empresa<span class='gfield_required'>*<\/span><\/label><div class='ginput_container ginput_container_text'><input name='input_1' id='input_2_1' type='text' value='' class='medium'  tabindex='1'   aria-required=\"true\" aria-invalid=\"false\" \/><\/div><\/li><li id='field_2_2' class='gfield gfield_contains_required field_sublabel_below field_description_below' ><label class='gfield_label' for='input_2_2' >Raz\u00f3n Social<span class='gfield_required'>*<\/span><\/label><div class='ginput_container ginput_container_text'><input name='input_2' id='input_2_2' type='text' value='' class='medium'  tabindex='2'   aria-required=\"true\" aria-invalid=\"false\" \/><\/div><\/li><li id='field_2_9' class='gfield gfield_contains_required field_sublabel_below field_description_below' ><label class='gfield_label' for='input_2_9' >RFC<span class='gfield_required'>*<\/span><\/label><div class='ginput_container ginput_container_text'><input name='input_9' id='input_2_9' type='text' value='' class='medium'  tabindex='3'   aria-required=\"true\" aria-invalid=\"false\" \/><\/div><\/li><li id='field_2_3' class='gfield gfield_contains_required field_sublabel_below field_description_below' ><label class='gfield_label gfield_label_before_complex' for='input_2_3_3' >Contacto en la empresa<span class='gfield_required'>*<\/span><\/label><div class='ginput_complex ginput_container no_prefix has_first_name no_middle_name has_last_name no_suffix gf_name_has_2 ginput_container_name gfield_trigger_change' id='input_2_3'>\n                            \n                            <span id='input_2_3_3_container' class='name_first' >\n                                                    <input type='text' name='input_3.3' id='input_2_3_3' value='' aria-label='First name' tabindex='5'  aria-required=\"true\" aria-invalid=\"false\" \/>\n                                                    <label for='input_2_3_3' >First<\/label>\n                                                <\/span>\n                            \n                            <span id='input_2_3_6_container' class='name_last' >\n                                                    <input type='text' name='input_3.6' id='input_2_3_6' value='' aria-label='Last name' tabindex='7'  aria-required=\"true\" aria-invalid=\"false\" \/>\n                                                    <label for='input_2_3_6' >Last<\/label>\n                                                <\/span>\n                            \n                        <\/div><\/li><li id='field_2_4' class='gfield gfield_contains_required field_sublabel_below field_description_below' ><label class='gfield_label' for='input_2_4' >Email<span class='gfield_required'>*<\/span><\/label><div class='ginput_container ginput_container_email'>\n                            <input name='input_4' id='input_2_4' type='text' value='' class='medium' tabindex='9'   \/>\n                        <\/div><\/li><li id='field_2_5' class='gfield gfield_contains_required field_sublabel_below field_description_below' ><label class='gfield_label' for='input_2_5' >Tel\u00e9fono<span class='gfield_required'>*<\/span><\/label><div class='ginput_container ginput_container_phone'><input name='input_5' id='input_2_5' type='text' value='' class='medium' tabindex='10'   aria-required=\"true\" aria-invalid=\"false\" \/><\/div><\/li><li id='field_2_8' class='gfield gfield_contains_required field_sublabel_below field_description_below' ><label class='gfield_label' for='input_2_8' >Principal giro o Actividad empresarial<span class='gfield_required'>*<\/span><\/label><div class='ginput_container ginput_container_select'><select name='input_8' id='input_2_8'  class='medium gfield_select' tabindex='11'  aria-required=\"true\" aria-invalid=\"false\"><option value='Manufactura' >Manufactura<\/option><option value='Proveedor de Servicios' >Proveedor de Servicios<\/option><option value='Ingenier\u00eda y Construcci\u00f3n' >Ingenier\u00eda y Construcci\u00f3n<\/option><option value='Comercializador' >Comercializador<\/option><\/select><\/div><\/li><li id='field_2_6' class='gfield gfield_contains_required field_sublabel_below field_description_below' ><label class='gfield_label gfield_label_before_complex' for='input_2_6_1' >Direcci\u00f3n Fiscal de la Empresa<span class='gfield_required'>*<\/span><\/label>    \n                    <div class='ginput_complex ginput_container has_street has_street2 has_city has_state has_zip ginput_container_address gfield_trigger_change' id='input_2_6' >\n                         <span class='ginput_full address_line_1' id='input_2_6_1_container' >\n                                        <input type='text' name='input_6.1' id='input_2_6_1' value='' tabindex='12'  \/>\n                                        <label for='input_2_6_1' id='input_2_6_1_label' >Calle y N\u00famero<\/label>\n                                    <\/span><span class='ginput_full address_line_2' id='input_2_6_2_container' >\n                                        <input type='text' name='input_6.2' id='input_2_6_2' value='' tabindex='13'  \/>\n                                        <label for='input_2_6_2' id='input_2_6_2_label' >Interior<\/label>\n                                    <\/span><span class='ginput_left address_city' id='input_2_6_3_container' >\n                                    <input type='text' name='input_6.3' id='input_2_6_3' value='' tabindex='14'  \/>\n                                    <label for='input_2_6_3' id='input_2_6_3_label' >City<\/label>\n                                 <\/span><span class='ginput_right address_state' id='input_2_6_4_container' >\n                                        <input type='text' name='input_6.4' id='input_2_6_4' value='' tabindex='16'    \/>\n                                        <label for='input_2_6_4' id='input_2_6_4_label' >State \/ Province \/ Region<\/label>\n                                      <\/span><span class='ginput_left address_zip' id='input_2_6_5_container' >\n                                    <input type='text' name='input_6.5' id='input_2_6_5' value='' tabindex='17'  \/>\n                                    <label for='input_2_6_5' id='input_2_6_5_label' >ZIP \/ Postal Code<\/label>\n                                <\/span><input type='hidden' class='gform_hidden' name='input_6.6' id='input_2_6_6' value=''\/>\n                    <div class='gf_clear gf_clear_complex'><\/div>\n                <\/div><\/li><li id='field_2_10' class='gfield gfield_contains_required field_sublabel_below field_description_below' ><label class='gfield_label' for='input_2_10' >Tama\u00f1o de la Empresa<span class='gfield_required'>*<\/span><\/label><div class='ginput_container ginput_container_select'><select name='input_10' id='input_2_10'  class='medium gfield_select' tabindex='18'  aria-required=\"true\" aria-invalid=\"false\"><option value='Micro' >Micro<\/option><option value='Peque\u00f1a' >Peque\u00f1a<\/option><option value='Mediana' >Mediana<\/option><option value='Grande' >Grande<\/option><\/select><\/div><div class='gfield_description'>(De acuerdo a las definiciones de la Secretar\u00eda de Econom\u00eda)<\/div><\/li><li id='field_2_19' class='gfield gsection field_sublabel_below field_description_below' ><h2 class='gsection_title'>Palabras clave<\/h2><div class='gsection_description'>Escribe algunas palabras clave para hacer una b\u00fasqueda relevante.<\/div><\/li><li id='field_2_18' class='gfield field_sublabel_below field_description_below' ><label class='gfield_label' for='input_2_18' >Palabra clave (1)<\/label><div class='ginput_container ginput_container_text'><input name='input_18' id='input_2_18' type='text' value='' class='medium'  tabindex='19'    aria-invalid=\"false\" \/><\/div><\/li><li id='field_2_20' class='gfield field_sublabel_below field_description_below' ><label class='gfield_label' for='input_2_20' >Palabra clave (2)<\/label><div class='ginput_container ginput_container_text'><input name='input_20' id='input_2_20' type='text' value='' class='medium'  tabindex='20'    aria-invalid=\"false\" \/><\/div><\/li><li id='field_2_21' class='gfield field_sublabel_below field_description_below' ><label class='gfield_label' for='input_2_21' >Palabra clave (3)<\/label><div class='ginput_container ginput_container_text'><input name='input_21' id='input_2_21' type='text' value='' class='medium'  tabindex='21'    aria-invalid=\"false\" \/><\/div><\/li><li id='field_2_11' class='gfield gsection field_sublabel_below field_description_below' ><h2 class='gsection_title'>Informaci\u00f3n del Bien o Servicio<\/h2><\/li><li id='field_2_15' class='gfield gfield_contains_required field_sublabel_below field_description_below' ><label class='gfield_label' for='input_2_15' >Ficha T\u00e9cnica<span class='gfield_required'>*<\/span><\/label><div class='ginput_container ginput_container_fileupload'><input type='hidden' name='MAX_FILE_SIZE' value='5242880' \/><input name='input_15' id='input_2_15' type='file' class='medium' aria-describedby='extensions_message' tabindex='22' \/><span id='extensions_message' class='screen-reader-text'><\/span><\/div><div class='gfield_description'>(m\u00e1ximo 5mb)<\/div><\/li><li id='field_2_22' class='gfield field_sublabel_below field_description_below' ><label class='gfield_label' for='input_2_22' >Documento adicional (opcional)<\/label><div class='ginput_container ginput_container_fileupload'><input type='hidden' name='MAX_FILE_SIZE' value='5242880' \/><input name='input_22' id='input_2_22' type='file' class='medium' aria-describedby='extensions_message' tabindex='23' \/><span id='extensions_message' class='screen-reader-text'><\/span><\/div><div class='gfield_description'>(m\u00e1ximo 5mb)<\/div><\/li><li id='field_2_13' class='gfield gfield_contains_required field_sublabel_below field_description_below' ><label class='gfield_label' for='input_2_13' >Descripci\u00f3n general del Bien o Servicio<span class='gfield_required'>*<\/span><\/label><div class='ginput_container'><textarea name='input_13' id='input_2_13' class='textarea medium' tabindex='24'   aria-required=\"true\" aria-invalid=\"false\"   rows='10' cols='50'><\/textarea><\/div><\/li><li id='field_2_14' class='gfield gfield_contains_required field_sublabel_below field_description_below' ><label class='gfield_label' for='input_2_14' >Experiencia comercial<span class='gfield_required'>*<\/span><\/label><div class='ginput_container ginput_container_number'><input name='input_14' id='input_2_14' type='text'    value='' class='medium' tabindex='25'     aria-required=\"true\" aria-invalid=\"false\"\/><div class='instruction '>Please enter a value between <strong>0<\/strong> and <strong>100<\/strong>.<\/div><\/div><div class='gfield_description'>N\u00famero de a\u00f1os como proveedor de cada uno de los bienes o servicios<\/div><\/li><li id='field_2_16' class='gfield gfield_html gfield_html_formatted field_sublabel_below field_description_below' ><p>Al hacer click en enviar, acepto los t\u00e9rminos descritos en el <a href=\"http:\/\/www.amexhi.org\/aviso-de-privacidad\/\" target=\"_blank\">Aviso de Privacidad Integral<\/a> para el manejo de mis datos personales por parte de AMEXHI.<\/p><\/li>\n                            <\/ul><\/div>\n        <div class='gform_footer top_label'> <input type='submit' id='gform_submit_button_2' class='gform_button button' value='Enviar' tabindex='26' onclick='if(window[\"gf_submitting_2\"]){return false;}  window[\"gf_submitting_2\"]=true;  ' onkeypress='if(window[\"gf_submitting_2\"]){return false;} window[\"gf_submitting_2\"]=true;  jQuery(\"#gform_2\").trigger(\"submit\",[true]);' \/> \n            <input type='hidden' class='gform_hidden' name='is_submit_2' value='1' \/>\n            <input type='hidden' class='gform_hidden' name='gform_submit' value='2' \/>\n            \n            <input type='hidden' class='gform_hidden' name='gform_unique_id' value='' \/>\n            <input type='hidden' class='gform_hidden' name='state_2' value='WyJbXSIsIjYyZTU5YjZjOTRiZmQ5MjBjNTE5M2RkNWIyNWZlZDE1Il0=' \/>\n            <input type='hidden' class='gform_hidden' name='gform_target_page_number_2' id='gform_target_page_number_2' value='0' \/>\n            <input type='hidden' class='gform_hidden' name='gform_source_page_number_2' id='gform_source_page_number_2' value='1' \/>\n            <input type='hidden' name='gform_field_values' value='' \/>\n            \n        <\/div>\n                        <\/form>\n                        <\/div><script type='text\/javascript'> if(typeof gf_global == 'undefined') var gf_global = {\"gf_currency_config\":{\"name\":\"U.S. Dollar\",\"symbol_left\":\"$\",\"symbol_right\":\"\",\"symbol_padding\":\"\",\"thousand_separator\":\",\",\"decimal_separator\":\".\",\"decimals\":2},\"base_url\":\"https:\\\/\\\/www.amexhi.org\\\/wp-content\\\/plugins\\\/gravityforms\",\"number_formats\":[],\"spinnerUrl\":\"https:\\\/\\\/www.amexhi.org\\\/wp-content\\\/plugins\\\/gravityforms\\\/images\\\/spinner.gif\"};jQuery(document).bind('gform_post_render', function(event, formId, currentPage){if(formId == 2) {} } );jQuery(document).bind('gform_post_conditional_logic', function(event, formId, fields, isInit){} );<\/script><script type='text\/javascript'> jQuery(document).ready(function(){jQuery(document).trigger('gform_post_render', [2, 1]) } ); <\/script>[\/vc_column][\/vc_row]<\/p>\n<\/section>","protected":false},"excerpt":{"rendered":"<p>[vc_row css_animation=&#8221;&#8221; row_type=&#8221;row&#8221; use_row_as_full_screen_section=&#8221;no&#8221; type=&#8221;grid&#8221; angled_section=&#8221;no&#8221; text_align=&#8221;left&#8221; background_image_as_pattern=&#8221;without_pattern&#8221; padding_top=&#8221;50&#8243; padding_bottom=&#8221;50&#8243;][vc_column width=&#8221;1\/3&#8243;][vc_widget_sidebar sidebar_id=&#8221;sidebar&#8221; el_class=&#8221;.sidebar&#8221;][\/vc_column][vc_column width=&#8221;2\/3&#8243; offset=&#8221;vc_hidden-lg vc_hidden-md vc_hidden-sm vc_hidden-xs&#8221;][\/vc_column][\/vc_row]<\/p>\n","protected":false},"author":7,"featured_media":0,"parent":0,"menu_order":0,"comment_status":"closed","ping_status":"closed","template":"","meta":{"_seopress_robots_primary_cat":"","footnotes":""},"class_list":["post-10930","page","type-page","status-publish","hentry"],"_links":{"self":[{"href":"https:\/\/www.amexhi.org\/en\/wp-json\/wp\/v2\/pages\/10930","targetHints":{"allow":["GET"]}}],"collection":[{"href":"https:\/\/www.amexhi.org\/en\/wp-json\/wp\/v2\/pages"}],"about":[{"href":"https:\/\/www.amexhi.org\/en\/wp-json\/wp\/v2\/types\/page"}],"author":[{"embeddable":true,"href":"https:\/\/www.amexhi.org\/en\/wp-json\/wp\/v2\/users\/7"}],"replies":[{"embeddable":true,"href":"https:\/\/www.amexhi.org\/en\/wp-json\/wp\/v2\/comments?post=10930"}],"version-history":[{"count":2,"href":"https:\/\/www.amexhi.org\/en\/wp-json\/wp\/v2\/pages\/10930\/revisions"}],"predecessor-version":[{"id":12037,"href":"https:\/\/www.amexhi.org\/en\/wp-json\/wp\/v2\/pages\/10930\/revisions\/12037"}],"wp:attachment":[{"href":"https:\/\/www.amexhi.org\/en\/wp-json\/wp\/v2\/media?parent=10930"}],"curies":[{"name":"wp","href":"https:\/\/api.w.org\/{rel}","templated":true}]}}