{"id":10399,"date":"2023-03-12T16:42:48","date_gmt":"2023-03-12T22:42:48","guid":{"rendered":"https:\/\/www.amexhi.org\/?page_id=10399"},"modified":"2023-08-21T14:39:08","modified_gmt":"2023-08-21T19:39:08","slug":"home","status":"publish","type":"page","link":"https:\/\/www.amexhi.org\/en\/","title":{"rendered":"Home"},"content":{"rendered":"<section class=\"wpb-content-wrapper\"><p>[vc_row css_animation=&#8221;&#8221; row_type=&#8221;row&#8221; use_row_as_full_screen_section=&#8221;no&#8221; type=&#8221;grid&#8221; angled_section=&#8221;no&#8221; text_align=&#8221;left&#8221; background_image_as_pattern=&#8221;without_pattern&#8221; z_index=&#8221;&#8221;][vc_column][vc_empty_space height=&#8221;60px&#8221;][vc_row_inner row_type=&#8221;row&#8221; type=&#8221;grid&#8221; text_align=&#8221;left&#8221; css_animation=&#8221;&#8221; css=&#8221;.vc_custom_1678041510803{margin-right: 10px !important;padding-right: 15px !important;}&#8221;][vc_column_inner el_class=&#8221;sombra_paralela&#8221; width=&#8221;1\/4&#8243;][vc_single_image image=&#8221;10259&#8243; img_size=&#8221;68&#215;68&#8243; onclick=&#8221;custom_link&#8221; qode_css_animation=&#8221;&#8221; link=&#8221;https:\/\/www.amexhi.org\/nuestra-industria\/sostenibilidad\/&#8221;][vc_column_text]<\/p>\n<h3 class=\"ttl-block\" style=\"color: #0f493e;\"><a href=\"https:\/\/www.amexhi.org\/nuestra-industria\/sostenibilidad\/\">Sostenibilidad y buenas pr\u00e1cticas<\/a><\/h3>\n<p>[\/vc_column_text][vc_separator type=&#8221;normal&#8221; thickness=&#8221;3&#8243; color=&#8221;#0f493e&#8221;][vc_empty_space height=&#8221;10px&#8221;][vc_column_text]<\/p>\n<p style=\"color: #0f493e;\"><a href=\"https:\/\/www.amexhi.org\/nuestra-industria\/sostenibilidad\/\">En el coraz\u00f3n de nuestras actividades est\u00e1 operar de forma responsable y segura en el pa\u00eds. Conoce m\u00e1s sobre las actividades que desarrollamos y nuestras alianzas estrat\u00e9gicas.<\/a><\/p>\n<p>[\/vc_column_text][\/vc_column_inner][vc_column_inner el_class=&#8221;sombra_paralela&#8221; width=&#8221;1\/4&#8243;][vc_single_image image=&#8221;10407&#8243; img_size=&#8221;68&#215;68&#8243; onclick=&#8221;custom_link&#8221; qode_css_animation=&#8221;&#8221; link=&#8221;https:\/\/www.amexhi.org\/nuestra-industria\/regulacion\/&#8221;][vc_column_text]<\/p>\n<h3 class=\"ttl-block\" style=\"color: #0f493e;\"><a href=\"https:\/\/www.amexhi.org\/nuestra-industria\/regulacion\/\">Regulaci\u00f3n<\/a><\/h3>\n<p>[\/vc_column_text][vc_separator type=&#8221;normal&#8221; thickness=&#8221;3&#8243; color=&#8221;#0f493e&#8221;][vc_empty_space height=&#8221;10px&#8221;][vc_column_text]<\/p>\n<p style=\"color: #0f493e; margin-bottom: 44px !important;\"><a href=\"https:\/\/www.amexhi.org\/nuestra-industria\/regulacion\/\">Conoce y consulta toda la normativa relacionada al sector de hidrocarburos a trav\u00e9s de nuestra plataforma Todo Sobre Regulaci\u00f3n de Hidrocarburos.<\/a><\/p>\n<p>[\/vc_column_text][\/vc_column_inner][vc_column_inner el_class=&#8221;sombra_paralela&#8221; width=&#8221;1\/4&#8243;][vc_single_image image=&#8221;10255&#8243; img_size=&#8221;68&#215;68&#8243; onclick=&#8221;custom_link&#8221; qode_css_animation=&#8221;&#8221; link=&#8221;https:\/\/www.amexhi.org\/nuestra-industria\/nuestro-trabajo\/&#8221;][vc_column_text]<\/p>\n<h3 class=\"ttl-block\" style=\"color: #0f493e;\"><a href=\"https:\/\/www.amexhi.org\/nuestra-industria\/nuestro-trabajo\/\">Industria<\/a><\/h3>\n<p>[\/vc_column_text][vc_separator type=&#8221;normal&#8221; thickness=&#8221;3&#8243; color=&#8221;#0f493e&#8221;][vc_empty_space height=&#8221;10px&#8221;][vc_column_text]<\/p>\n<p style=\"color: #0f493e; margin-bottom: 44px !important;\"><a href=\"https:\/\/www.amexhi.org\/nuestra-industria\/nuestro-trabajo\/\">Consulta aqu\u00ed los datos de desempe\u00f1o m\u00e1s relevantes de los contratos de hidrocarburos: exploraci\u00f3n, desarrollo, inversi\u00f3n, empleo y contenido nacional.<\/a><\/p>\n<p>[\/vc_column_text][\/vc_column_inner][vc_column_inner el_class=&#8221;sombra_paralela&#8221; width=&#8221;1\/4&#8243;][vc_single_image image=&#8221;10253&#8243; img_size=&#8221;68&#215;68&#8243; onclick=&#8221;custom_link&#8221; qode_css_animation=&#8221;&#8221; link=&#8221;https:\/\/www.amexhi.org\/nuestra-industria\/nuestra-comunidad\/&#8221;][vc_column_text]<\/p>\n<h3 class=\"ttl-block\" style=\"color: #0f493e;\"><a href=\"https:\/\/www.amexhi.org\/nuestra-industria\/nuestra-comunidad\/\">Nuestra Comunidad<\/a><\/h3>\n<p>[\/vc_column_text][vc_separator type=&#8221;normal&#8221; thickness=&#8221;3&#8243; color=&#8221;#0f493e&#8221;][vc_empty_space height=&#8221;10px&#8221;][vc_column_text]<\/p>\n<p style=\"color: #0f493e; margin-bottom: 44px !important;\"><a href=\"https:\/\/www.amexhi.org\/nuestra-industria\/nuestra-comunidad\/\">Conoce c\u00f3mo la industria de hidrocarburos promueve el desarrollo social y ambiental de las comunidades donde opera en M\u00e9xico y \u00fanete a la conversaci\u00f3n.<\/a><\/p>\n<p>[\/vc_column_text][\/vc_column_inner][\/vc_row_inner][\/vc_column][\/vc_row][vc_row css_animation=&#8221;&#8221; row_type=&#8221;row&#8221; use_row_as_full_screen_section=&#8221;no&#8221; type=&#8221;full_width&#8221; in_content_menu=&#8221;in_content_menu&#8221; content_menu_icon=&#8221;&#8221; angled_section=&#8221;no&#8221; text_align=&#8221;left&#8221; background_image_as_pattern=&#8221;without_pattern&#8221; css=&#8221;.vc_custom_1678064400729{margin-top: 40px !important;padding-top: 40px !important;padding-bottom: 80px !important;background-color: #ebf7f5 !important;}&#8221; z_index=&#8221;&#8221; padding_bottom=&#8221;0&#8243;][vc_column css=&#8221;.vc_custom_1678063079759{margin-top: 0px !important;margin-right: 0px !important;}&#8221;][vc_column_text]<\/p>\n<h2 style=\"text-align: center; color: #ab3479;\">UNA INDUSTRIA COMPROMETIDA CON M\u00c9XICO<\/h2>\n<p>[\/vc_column_text][vc_empty_space][vc_row_inner row_type=&#8221;row&#8221; type=&#8221;grid&#8221; text_align=&#8221;left&#8221; css_animation=&#8221;&#8221;][vc_column_inner el_class=&#8221;caja_redonda&#8221; width=&#8221;1\/4&#8243;][vc_column_text]<\/p>\n<h2 style=\"color: #ab3479; text-align: center;\">9,013 MMUSD<\/h2>\n<p>[\/vc_column_text][vc_column_text]<\/p>\n<p style=\"color: #b2b2b2; text-align: center;\">Inversi\u00f3n estimada de contenido nacional como m\u00ednimo entre 2016 y 2023<\/p>\n<p>[\/vc_column_text][\/vc_column_inner][vc_column_inner el_class=&#8221;caja_redonda&#8221; width=&#8221;1\/4&#8243;][vc_column_text]<\/p>\n<h2 style=\"color: #ab3479; text-align: center; font-size: 34px;\">28,664 MMUSD<\/h2>\n<p>[\/vc_column_text][vc_column_text]<\/p>\n<p style=\"color: #b2b2b2; text-align: center;\">de inversi\u00f3n ejecutada entre 2016 y 2023 por los contratos de E&amp;P<\/p>\n<p>[\/vc_column_text][\/vc_column_inner][vc_column_inner el_class=&#8221;caja_redonda&#8221; width=&#8221;1\/4&#8243;][vc_column_text]<\/p>\n<h2 style=\"color: #ab3479; text-align: center;\">107 MBD<\/h2>\n<p>[\/vc_column_text][vc_column_text]<\/p>\n<p style=\"color: #b2b2b2; text-align: center;\">Produjeron de petr\u00f3leo los contratos de hidrocaburos en mayo de 2023<\/p>\n<p>[\/vc_column_text][\/vc_column_inner][vc_column_inner el_class=&#8221;caja_redonda&#8221; width=&#8221;1\/4&#8243;][vc_column_text]<\/p>\n<h2 style=\"color: #ab3479; text-align: center;\">224 MMPCD<\/h2>\n<p>[\/vc_column_text][vc_column_text]<\/p>\n<p style=\"color: #b2b2b2; text-align: center;\">Es la producci\u00f3n de gas natural en mayo de 2023<\/p>\n<p>[\/vc_column_text][\/vc_column_inner][\/vc_row_inner][\/vc_column][\/vc_row][vc_row css_animation=&#8221;&#8221; row_type=&#8221;row&#8221; use_row_as_full_screen_section=&#8221;no&#8221; type=&#8221;grid&#8221; angled_section=&#8221;no&#8221; text_align=&#8221;left&#8221; background_image_as_pattern=&#8221;without_pattern&#8221; z_index=&#8221;&#8221;][vc_column][vc_empty_space][vc_column_text]<\/p>\n<h2 class=\"borde03\">EVENTOS Y PUBLICACIONES<\/h2>\n<p>[\/vc_column_text][vc_empty_space][vc_row_inner row_type=&#8221;row&#8221; type=&#8221;full_width&#8221; text_align=&#8221;left&#8221; css_animation=&#8221;&#8221;][vc_column_inner width=&#8221;1\/3&#8243;][vc_hoverbox image=&#8221;10829&#8243; primary_title=&#8221;Agenda 2040: Transformando a M\u00e9xico&#8221; primary_align=&#8221;left&#8221; primary_title_font_container=&#8221;font_size:24px|color:%23ffffff|line_height:1.1&#8243; primary_title_use_theme_fonts=&#8221;yes&#8221; primary_title_css_animation=&#8221;bounceInLeft&#8221; hover_title=&#8221;Descarga el PDF&#8221; align=&#8221;left&#8221; el_class=&#8221;titulo-flip&#8221;]<a href=\"https:\/\/amexhi.org\/2040\/VISION2040AMEXHI.pdf\" target=\"_blank\" rel=\"noopener\">Leer m\u00e1s &gt;&gt;&gt;<\/a>[\/vc_hoverbox][\/vc_column_inner][vc_column_inner width=&#8221;1\/3&#8243;][vc_hoverbox image=&#8221;10831&#8243; primary_title=&#8221;Agenda 2040: Transforming Mexico&#8221; primary_align=&#8221;left&#8221; primary_title_font_container=&#8221;color:%23ffffff&#8221; primary_title_use_theme_fonts=&#8221;yes&#8221; primary_title_css_animation=&#8221;bounceInLeft&#8221; hover_title=&#8221;Descarga el PDF&#8221; align=&#8221;left&#8221; el_class=&#8221;titulo-flip&#8221;]<a href=\"https:\/\/amexhi.org\/2040\/VISION2040AMEXHI_EN.pdf\" target=\"_blank\" rel=\"noopener\">Leer m\u00e1s &gt;&gt;&gt;<\/a>[\/vc_hoverbox][\/vc_column_inner][vc_column_inner width=&#8221;1\/3&#8243;][vc_hoverbox image=&#8221;10833&#8243; primary_title=&#8221;\u00bfCu\u00e1nto podr\u00eda ganar M\u00e9xico al 2040 si continuaran las rondas petroleras?&#8221; primary_align=&#8221;left&#8221; primary_title_font_container=&#8221;color:%23ffffff&#8221; primary_title_use_theme_fonts=&#8221;yes&#8221; primary_title_css_animation=&#8221;bounceInLeft&#8221; hover_title=&#8221;Descarga el PDF&#8221; align=&#8221;left&#8221; el_class=&#8221;titulo-flip&#8221;]<a href=\"https:\/\/www.amexhi.org\/wp-content\/uploads\/2020\/12\/PAPER_AMEXHI_CUANTO-PODR%C3%8DA-GANAR-M%C3%89XICO-AL-2040-SI-CONTINUARAN-LAS-RONDAS.pdf\" target=\"_blank\" rel=\"noopener\">Leer m\u00e1s &gt;&gt;&gt;<\/a>[\/vc_hoverbox][\/vc_column_inner][\/vc_row_inner][vc_empty_space][vc_row_inner row_type=&#8221;row&#8221; type=&#8221;full_width&#8221; text_align=&#8221;left&#8221; css_animation=&#8221;&#8221;][vc_column_inner width=&#8221;1\/3&#8243;][vc_hoverbox image=&#8221;11650&#8243; primary_title=&#8221;Curso &#8220;B\u00e1sico de ingenier\u00eda petrolera para no petroleros&#8220;, del CIPM&#8221; primary_align=&#8221;left&#8221; primary_title_font_container=&#8221;color:%23ffffff&#8221; primary_title_use_theme_fonts=&#8221;yes&#8221; primary_title_css_animation=&#8221;bounceInLeft&#8221; hover_title=&#8221;Evento REALIZADO&#8221; align=&#8221;left&#8221; el_class=&#8221;titulo-flip&#8221;][\/vc_hoverbox][\/vc_column_inner][vc_column_inner width=&#8221;1\/3&#8243;][vc_hoverbox image=&#8221;11652&#8243; primary_title=&#8221;7-11 Agosto: Curso &#8220;Perforaci\u00f3n avanzada de pozos&#8220;, en conjunto con Bauerberg Klein&#8221; primary_align=&#8221;left&#8221; primary_title_font_container=&#8221;color:%23ffffff&#8221; primary_title_use_theme_fonts=&#8221;yes&#8221; primary_title_css_animation=&#8221;bounceInLeft&#8221; hover_title=&#8221;Haz clic abajo para m\u00e1s informaci\u00f3n&#8221; align=&#8221;left&#8221; el_class=&#8221;titulo-flip&#8221;]<a href=\"https:\/\/www.linkedin.com\/feed\/update\/urn:li:activity:7074433128609574913\" target=\"_blank\" rel=\"noopener\">Leer m\u00e1s &gt;&gt;&gt;<\/a>[\/vc_hoverbox][\/vc_column_inner][vc_column_inner width=&#8221;1\/3&#8243;][vc_hoverbox image=&#8221;11654&#8243; primary_title=&#8221;26 Octubre: 3ra Copa Golf AMEXHI&#8221; primary_align=&#8221;left&#8221; primary_title_font_container=&#8221;color:%23ffffff&#8221; primary_title_use_theme_fonts=&#8221;yes&#8221; primary_title_css_animation=&#8221;bounceInLeft&#8221; hover_title=&#8221;Haz clic abajo para m\u00e1s informaci\u00f3n&#8221; align=&#8221;left&#8221; el_class=&#8221;titulo-flip&#8221;]<a href=\"https:\/\/registration.mx\/AMEXHI\/registro.asp\" target=\"_blank\" rel=\"noopener\">Leer m\u00e1s &gt;&gt;&gt;<\/a>[\/vc_hoverbox][\/vc_column_inner][\/vc_row_inner][vc_empty_space height=&#8221;64px&#8221;][\/vc_column][\/vc_row][vc_row css_animation=&#8221;&#8221; row_type=&#8221;row&#8221; use_row_as_full_screen_section=&#8221;no&#8221; type=&#8221;grid&#8221; angled_section=&#8221;no&#8221; text_align=&#8221;left&#8221; background_image_as_pattern=&#8221;without_pattern&#8221; z_index=&#8221;&#8221; css=&#8221;.vc_custom_1678153738446{background-color: #e36c34 !important;}&#8221;][vc_column][vc_empty_space][vc_column_text]<\/p>\n<h2 class=\"borde02\">\u00daLTIMAS NOTICIAS<\/h2>\n<p>[\/vc_column_text][vc_empty_space height=&#8221;150px&#8221;][\/vc_column][\/vc_row][vc_row css_animation=&#8221;&#8221; row_type=&#8221;row&#8221; use_row_as_full_screen_section=&#8221;no&#8221; type=&#8221;grid&#8221; angled_section=&#8221;no&#8221; text_align=&#8221;left&#8221; background_image_as_pattern=&#8221;without_pattern&#8221; z_index=&#8221;&#8221;][vc_column width=&#8221;1\/4&#8243; el_class=&#8221;margenTop&#8221;][vc_single_image image=&#8221;10855&#8243; img_size=&#8221;medium&#8221; alignment=&#8221;center&#8221; qode_css_animation=&#8221;&#8221; el_class=&#8221;news-round&#8221;][vc_empty_space][vc_column_text]<\/p>\n<h3 style=\"color: #e36c34;\"><strong>Comunicado<\/strong><\/h3>\n<p>&nbsp;<\/p>\n<p style=\"font-weight: 600;\">AMEXHI lleva a cabo la s\u00e9ptima edici\u00f3n de la Convenci\u00f3n Nacional Petrolera 2023: Claves para el Crecimiento Energ\u00e9tico de M\u00e9xico.<\/p>\n<p><a style=\"color: #e36c34;\" href=\"https:\/\/www.amexhi.org\/comunicados\/amexhi-lleva-a-cabo-la-septima-edicion-de-la-convencion-nacional-petrolera-2023-claves-para-el-crecimiento-energetico-de-mexico\/\">Leer m\u00e1s &gt;&gt;&gt;<\/a>[\/vc_column_text][\/vc_column][vc_column width=&#8221;1\/4&#8243; css=&#8221;.vc_custom_1689895698673{margin-top: -130px !important;}&#8221; el_class=&#8221;margenTop&#8221;][vc_single_image image=&#8221;10857&#8243; img_size=&#8221;medium&#8221; alignment=&#8221;center&#8221; qode_css_animation=&#8221;&#8221; el_class=&#8221;news-round&#8221;][vc_empty_space][vc_column_text]<\/p>\n<h3 style=\"color: #e36c34;\"><strong>Newsletter<\/strong><\/h3>\n<p>&nbsp;<\/p>\n<p style=\"font-weight: 600;\">JUNIO 2023<\/p>\n<p><a style=\"color: #e36c34;\" href=\"https:\/\/mailchi.mp\/c5adaf71703a\/newsletter-febrero-2023-amexhi-15802592\" target=\"_blank\" rel=\"noopener\">Leer m\u00e1s &gt;&gt;&gt;<\/a>[\/vc_column_text][\/vc_column][vc_column width=&#8221;1\/4&#8243; css=&#8221;.vc_custom_1689895705984{margin-top: -130px !important;}&#8221; el_class=&#8221;margenTop&#8221;][vc_single_image image=&#8221;10859&#8243; img_size=&#8221;medium&#8221; alignment=&#8221;center&#8221; qode_css_animation=&#8221;&#8221; el_class=&#8221;news-round&#8221;][vc_empty_space][vc_column_text]<\/p>\n<h3 style=\"color: #e36c34;\"><strong>Newsletter<\/strong><\/h3>\n<p>&nbsp;<\/p>\n<p style=\"font-weight: 600;\">MAYO 2023<\/p>\n<p><a style=\"color: #e36c34;\" href=\"https:\/\/mailchi.mp\/f3d156080f38\/newsletter-febrero-2023-amexhi-15800463\" target=\"_blank\" rel=\"noopener\">Leer m\u00e1s &gt;&gt;&gt;<\/a>[\/vc_column_text][\/vc_column][vc_column width=&#8221;1\/4&#8243; css=&#8221;.vc_custom_1689895714954{margin-top: -130px !important;}&#8221; el_class=&#8221;margenTop&#8221;][vc_single_image image=&#8221;10861&#8243; img_size=&#8221;medium&#8221; alignment=&#8221;center&#8221; qode_css_animation=&#8221;&#8221; el_class=&#8221;news-round&#8221;][vc_empty_space][vc_column_text]<\/p>\n<h3 style=\"color: #e36c34;\"><strong>Newsletter<\/strong><\/h3>\n<p>&nbsp;<\/p>\n<p style=\"font-weight: 600;\">ABRIL 2023<\/p>\n<p><a style=\"color: #e36c34;\" href=\"https:\/\/mailchi.mp\/f4eda52f4e4f\/newsletter-febrero-2023-amexhi-15798316\" target=\"_blank\" rel=\"noopener\">Leer m\u00e1s &gt;&gt;&gt;<\/a>[\/vc_column_text][\/vc_column][\/vc_row][vc_row css_animation=&#8221;&#8221; row_type=&#8221;row&#8221; use_row_as_full_screen_section=&#8221;no&#8221; type=&#8221;grid&#8221; angled_section=&#8221;no&#8221; text_align=&#8221;center&#8221; background_image_as_pattern=&#8221;without_pattern&#8221; background_image=&#8221;10370&#8243; z_index=&#8221;&#8221;][vc_column width=&#8221;1\/2&#8243;][vc_empty_space height=&#8221;50px&#8221;][vc_column_text]<\/p>\n<h2 style=\"text-align: left; color: #f0bd29;\">Contacto y registro<\/h2>\n<p>[\/vc_column_text][vc_empty_space height=&#8221;20px&#8221;][vc_column_text]<\/p>\n<p style=\"text-align: left; color: white;\">Si deseas m\u00e1s informaci\u00f3n sobre la asociaci\u00f3n o sobre alguna de nuestras empresas agremiadas, puedes contactarnos y nos comunicaremos contigo lo antes posible.<\/p>\n<p>[\/vc_column_text]<div class='q_icon_with_title medium custom_icon_image '><div class=\"icon_holder \" style=\" \"><img decoding=\"async\" itemprop=\"image\" style=\"\" src=\"https:\/\/www.amexhi.org\/wp-content\/uploads\/2023\/03\/Recurso-1@2x.png\" alt=\"\"><\/div><div class=\"icon_text_holder\" style=\"\"><div class=\"icon_text_inner\" style=\"\"><h5 class=\"icon_title\" style=\"font-weight: 400;\"><\/h5><p style='color: #ffffff'>amexhi@amexhi.org<br \/>\nprensa@amexhi.org<\/p><\/div><\/div><\/div>[vc_raw_html el_class=&#8221;form-contacto&#8221;]JTVCY29udGFjdC1mb3JtLTclMjBpZCUzRCUyMjEwMzgyJTIyJTIwdGl0bGUlM0QlMjJDb250YWN0byUyMHklMjByZWdpc3RybyUyMiU1RA==[\/vc_raw_html][vc_empty_space height=&#8221;50px&#8221;][\/vc_column][vc_column width=&#8221;1\/2&#8243;][vc_empty_space height=&#8221;50px&#8221;][qode_elements_holder number_of_columns=&#8221;two_columns&#8221; custom_class=&#8221;.white&#8221;][qode_elements_holder_item vertical_alignment=&#8221;top&#8221; advanced_animations=&#8221;no&#8221; item_padding=&#8221;20px 20px 20px 20px&#8221;][\/qode_elements_holder_item][\/qode_elements_holder][vc_empty_space height=&#8221;50px&#8221;][\/vc_column][\/vc_row]<\/p>\n<\/section>","protected":false},"excerpt":{"rendered":"<p>[vc_row css_animation=&#8221;&#8221; row_type=&#8221;row&#8221; use_row_as_full_screen_section=&#8221;no&#8221; type=&#8221;grid&#8221; angled_section=&#8221;no&#8221; text_align=&#8221;left&#8221; background_image_as_pattern=&#8221;without_pattern&#8221; z_index=&#8221;&#8221;][vc_column][vc_empty_space height=&#8221;60px&#8221;][vc_row_inner row_type=&#8221;row&#8221; type=&#8221;grid&#8221; text_align=&#8221;left&#8221; css_animation=&#8221;&#8221; css=&#8221;.vc_custom_1678041510803{margin-right: 10px !important;padding-right: 15px !important;}&#8221;][vc_column_inner el_class=&#8221;sombra_paralela&#8221; width=&#8221;1\/4&#8243;][vc_single_image image=&#8221;10259&#8243; img_size=&#8221;68&#215;68&#8243; onclick=&#8221;custom_link&#8221; qode_css_animation=&#8221;&#8221; link=&#8221;https:\/\/www.amexhi.org\/nuestra-industria\/sostenibilidad\/&#8221;][vc_column_text] Sostenibilidad y buenas pr\u00e1cticas [\/vc_column_text][vc_separator type=&#8221;normal&#8221; thickness=&#8221;3&#8243; color=&#8221;#0f493e&#8221;][vc_empty_space height=&#8221;10px&#8221;][vc_column_text] En el coraz\u00f3n de nuestras actividades est\u00e1 operar de forma&#8230;<\/p>\n","protected":false},"author":7,"featured_media":0,"parent":0,"menu_order":0,"comment_status":"closed","ping_status":"closed","template":"full_width.php","meta":{"_seopress_robots_primary_cat":"","footnotes":""},"class_list":["post-10399","page","type-page","status-publish","hentry"],"_links":{"self":[{"href":"https:\/\/www.amexhi.org\/en\/wp-json\/wp\/v2\/pages\/10399","targetHints":{"allow":["GET"]}}],"collection":[{"href":"https:\/\/www.amexhi.org\/en\/wp-json\/wp\/v2\/pages"}],"about":[{"href":"https:\/\/www.amexhi.org\/en\/wp-json\/wp\/v2\/types\/page"}],"author":[{"embeddable":true,"href":"https:\/\/www.amexhi.org\/en\/wp-json\/wp\/v2\/users\/7"}],"replies":[{"embeddable":true,"href":"https:\/\/www.amexhi.org\/en\/wp-json\/wp\/v2\/comments?post=10399"}],"version-history":[{"count":18,"href":"https:\/\/www.amexhi.org\/en\/wp-json\/wp\/v2\/pages\/10399\/revisions"}],"predecessor-version":[{"id":12068,"href":"https:\/\/www.amexhi.org\/en\/wp-json\/wp\/v2\/pages\/10399\/revisions\/12068"}],"wp:attachment":[{"href":"https:\/\/www.amexhi.org\/en\/wp-json\/wp\/v2\/media?parent=10399"}],"curies":[{"name":"wp","href":"https:\/\/api.w.org\/{rel}","templated":true}]}}